{"id":275,"date":"2026-03-31T17:36:40","date_gmt":"2026-03-31T15:36:40","guid":{"rendered":"https:\/\/ine-predmety.ucimesaweby.sk\/ptw\/vojtechovsky\/moj-ucet\/"},"modified":"2026-04-26T20:34:12","modified_gmt":"2026-04-26T18:34:12","slug":"moj-ucet","status":"publish","type":"page","link":"https:\/\/ine-predmety.ucimesaweby.sk\/ptw\/vojtechovsky\/moj-ucet\/","title":{"rendered":"M\u00f4j \u00fa\u010det"},"content":{"rendered":"<div class=\"woocommerce\"><\/div>\n","protected":false},"excerpt":{"rendered":"","protected":false},"author":1,"featured_media":0,"parent":0,"menu_order":0,"comment_status":"closed","ping_status":"closed","template":"","meta":{"_crdt_document":"{\"document\":\"AAAG2JTa9BUODAgSlAIBAgwCAQIKSgAdKAMnAAQAJwAEACcAKAQnACgEJwAHACgDJwAoACflA7kDc3RhdGV2ZXJzaW9uZG9jdW1lbnRkYXRlZG9jdW1lbnRzbHVnZG9jdW1lbnRzdGF0dXNkb2N1bWVudHRpdGxlTcO0aiDDusSNZXRkb2N1bWVudGNvbnRlbnQ8IS0tIHdwOnNob3J0Y29kZSAtLT5bd29vY29tbWVyY2VfbXlfYWNjb3VudF08IS0tIC93cDpzaG9ydGNvZGUgLS0+ZG9jdW1lbnRleGNlcnB0ZG9jdW1lbnRhdXRob3Jkb2N1bWVudGZlYXR1cmVkX21lZGlhZG9jdW1lbnRjb21tZW50X3N0YXR1c2RvY3VtZW50cGluZ19zdGF0dXNkb2N1bWVudHRlbXBsYXRlZG9jdW1lbnRtZXRhZm9vdG5vdGVzX2VsZW1lbnRvcl9lZGl0X21vZGVfZWxlbWVudG9yX3RlbXBsYXRlX3R5cGVfZWxlbWVudG9yX2RhdGFfZWxlbWVudG9yX3BhZ2Vfc2V0dGluZ3Nkb2N1bWVudGJsb2Nrc2NsaWVudElkaXNWYWxpZG9yaWdpbmFsQ29udGVudG5hbWVhdHRyaWJ1dGVzdGV4dGlubmVyQmxvY2tzBQcIBAgECAYIBUgAB4MBCAcIBggOCA4IC0gBBAkUGA8YCAYIBw8ECgQLDwEEAAABAAAAAQYABAEAAAdCAQEAQQAAAkERAR0AfQF3EzIwMjYtMDMtMzFUMTc6MzY6NDB3CG1vai11Y2V0dwdwdWJsaXNofQF9AHcGY2xvc2VkdwZjbG9zZWR3AHcAdwdidWlsZGVydwd3cC1wYWdldwB+dyRhZTAzNDQ5YS05NjFiLTRmYTgtYjM4Yi0wMjllYjE2YTViMmR4dxhbd29vY29tbWVyY2VfbXlfYWNjb3VudF13DmNvcmUvc2hvcnRjb2Rldxhbd29vY29tbWVyY2VfbXlfYWNjb3VudF0A\",\"updateId\":185139046}","footnotes":""},"class_list":["post-275","page","type-page","status-publish","hentry"],"_links":{"self":[{"href":"https:\/\/ine-predmety.ucimesaweby.sk\/ptw\/vojtechovsky\/wp-json\/wp\/v2\/pages\/275","targetHints":{"allow":["GET"]}}],"collection":[{"href":"https:\/\/ine-predmety.ucimesaweby.sk\/ptw\/vojtechovsky\/wp-json\/wp\/v2\/pages"}],"about":[{"href":"https:\/\/ine-predmety.ucimesaweby.sk\/ptw\/vojtechovsky\/wp-json\/wp\/v2\/types\/page"}],"author":[{"embeddable":true,"href":"https:\/\/ine-predmety.ucimesaweby.sk\/ptw\/vojtechovsky\/wp-json\/wp\/v2\/users\/1"}],"replies":[{"embeddable":true,"href":"https:\/\/ine-predmety.ucimesaweby.sk\/ptw\/vojtechovsky\/wp-json\/wp\/v2\/comments?post=275"}],"version-history":[{"count":3,"href":"https:\/\/ine-predmety.ucimesaweby.sk\/ptw\/vojtechovsky\/wp-json\/wp\/v2\/pages\/275\/revisions"}],"predecessor-version":[{"id":489,"href":"https:\/\/ine-predmety.ucimesaweby.sk\/ptw\/vojtechovsky\/wp-json\/wp\/v2\/pages\/275\/revisions\/489"}],"wp:attachment":[{"href":"https:\/\/ine-predmety.ucimesaweby.sk\/ptw\/vojtechovsky\/wp-json\/wp\/v2\/media?parent=275"}],"curies":[{"name":"wp","href":"https:\/\/api.w.org\/{rel}","templated":true}]}}