{"id":636,"date":"2026-04-29T23:30:16","date_gmt":"2026-04-29T21:30:16","guid":{"rendered":"https:\/\/ine-predmety.ucimesaweby.sk\/ptw\/toth\/?post_type=product&#038;p=636"},"modified":"2026-04-29T23:30:44","modified_gmt":"2026-04-29T21:30:44","slug":"pokemon-tcg-white-flare-elite-trainer-box","status":"publish","type":"product","link":"https:\/\/ine-predmety.ucimesaweby.sk\/ptw\/toth\/produkt\/pokemon-tcg-white-flare-elite-trainer-box\/","title":{"rendered":"Pok\u00e9mon TCG &#8211; White Flare &#8211; Elite Trainer Box"},"content":{"rendered":"<p>Pr\u00e9miov\u00fd <b data-path-to-node=\"5\" data-index-in-node=\"9\">Elite Trainer Box White Flare<\/b> z popul\u00e1rnej ed\u00edcie Pok\u00e9mon TCG: Scarlet &amp; Violet je dokonalou vo\u013ebou pre ka\u017ed\u00e9ho, kto to so zbieran\u00edm a hran\u00edm mysl\u00ed v\u00e1\u017ene. Tento box pon\u00faka nielen nov\u00e9 zberate\u013esk\u00e9 karty, ale aj kompletn\u00fa sadu profesion\u00e1lneho pr\u00edslu\u0161enstva, ktor\u00fa vyu\u017eijete pri ka\u017edom s\u00faboji.<\/p>\n","protected":false},"excerpt":{"rendered":"<p>Pr\u00e9miov\u00fd Elite Trainer Box White Flare z popul\u00e1rnej ed\u00edcie Pok\u00e9mon TCG: Scarlet &amp; Violet je dokonalou vo\u013ebou pre ka\u017ed\u00e9ho, kto to so zbieran\u00edm a hran\u00edm mysl\u00ed v\u00e1\u017ene. Tento box pon\u00faka [&hellip;]<\/p>\n","protected":false},"featured_media":637,"comment_status":"open","ping_status":"closed","template":"","meta":[],"product_brand":[36],"product_cat":[35],"product_tag":[],"class_list":{"0":"post-636","1":"product","2":"type-product","3":"status-publish","4":"has-post-thumbnail","6":"product_brand-etb","7":"product_cat-scarlet-and-violet","9":"first","10":"instock","11":"sold-individually","12":"taxable","13":"shipping-taxable","14":"purchasable","15":"product-type-simple"},"aioseo_notices":[],"_links":{"self":[{"href":"https:\/\/ine-predmety.ucimesaweby.sk\/ptw\/toth\/wp-json\/wp\/v2\/product\/636","targetHints":{"allow":["GET"]}}],"collection":[{"href":"https:\/\/ine-predmety.ucimesaweby.sk\/ptw\/toth\/wp-json\/wp\/v2\/product"}],"about":[{"href":"https:\/\/ine-predmety.ucimesaweby.sk\/ptw\/toth\/wp-json\/wp\/v2\/types\/product"}],"replies":[{"embeddable":true,"href":"https:\/\/ine-predmety.ucimesaweby.sk\/ptw\/toth\/wp-json\/wp\/v2\/comments?post=636"}],"wp:featuredmedia":[{"embeddable":true,"href":"https:\/\/ine-predmety.ucimesaweby.sk\/ptw\/toth\/wp-json\/wp\/v2\/media\/637"}],"wp:attachment":[{"href":"https:\/\/ine-predmety.ucimesaweby.sk\/ptw\/toth\/wp-json\/wp\/v2\/media?parent=636"}],"wp:term":[{"taxonomy":"product_brand","embeddable":true,"href":"https:\/\/ine-predmety.ucimesaweby.sk\/ptw\/toth\/wp-json\/wp\/v2\/product_brand?post=636"},{"taxonomy":"product_cat","embeddable":true,"href":"https:\/\/ine-predmety.ucimesaweby.sk\/ptw\/toth\/wp-json\/wp\/v2\/product_cat?post=636"},{"taxonomy":"product_tag","embeddable":true,"href":"https:\/\/ine-predmety.ucimesaweby.sk\/ptw\/toth\/wp-json\/wp\/v2\/product_tag?post=636"}],"curies":[{"name":"wp","href":"https:\/\/api.w.org\/{rel}","templated":true}]}}