{"id":549,"date":"2026-04-29T13:41:37","date_gmt":"2026-04-29T11:41:37","guid":{"rendered":"https:\/\/ine-predmety.ucimesaweby.sk\/ptw\/toth\/?post_type=product&#038;p=549"},"modified":"2026-04-29T13:42:01","modified_gmt":"2026-04-29T11:42:01","slug":"gem-pack-badge-set-cinsky","status":"publish","type":"product","link":"https:\/\/ine-predmety.ucimesaweby.sk\/ptw\/toth\/produkt\/gem-pack-badge-set-cinsky\/","title":{"rendered":"Gem Pack -Badge Set &#8211; \u010c\u00ednsky"},"content":{"rendered":"<h3 data-path-to-node=\"6\">\u010co ukr\u00fdva tento mystery bal\u00ed\u010dek?<\/h3>\n<p data-path-to-node=\"7\">Cel\u00e9 balenie zdob\u00ed kr\u00e1sny mot\u00edv popul\u00e1rneho Pok\u00e9mona Sprigatito. Vo vn\u00fatri ka\u017ed\u00e9ho bal\u00ed\u010dka na v\u00e1s ne\u010dakaj\u00fa len samotn\u00e9 karty, ale aj n\u00e1dhern\u00fd zberate\u013esk\u00fd odznak (badge). Pr\u00e1ve t\u00e1to jedine\u010dn\u00e1 kombin\u00e1cia rob\u00ed z produktu nie\u010do v\u00fdnimo\u010dn\u00e9.<\/p>\n<h4 data-start=\"698\" data-end=\"720\">Obsah balenia:<\/h4>\n<ul data-start=\"721\" data-end=\"864\">\n<li data-section-id=\"1tbh8i3\" data-start=\"721\" data-end=\"749\">3\u00d7 Gem Pack Slim booster<\/li>\n<li data-section-id=\"1ow705t\" data-start=\"750\" data-end=\"787\">1\u00d7 n\u00e1hodn\u00fd Pok\u00e9mon badge (odznak)<\/li>\n<li data-section-id=\"mdxyxi\" data-start=\"788\" data-end=\"827\">Pok\u00e9mon TCG karty (Chinese Edition)<\/li>\n<li data-section-id=\"kxh0q1\" data-start=\"828\" data-end=\"864\">R\u00f4zne dizajny a mot\u00edvy Pok\u00e9monov<\/li>\n<\/ul>\n","protected":false},"excerpt":{"rendered":"<p>\u010co ukr\u00fdva tento mystery bal\u00ed\u010dek? Cel\u00e9 balenie zdob\u00ed kr\u00e1sny mot\u00edv popul\u00e1rneho Pok\u00e9mona Sprigatito. Vo vn\u00fatri ka\u017ed\u00e9ho bal\u00ed\u010dka na v\u00e1s ne\u010dakaj\u00fa len samotn\u00e9 karty, ale aj n\u00e1dhern\u00fd zberate\u013esk\u00fd odznak (badge). Pr\u00e1ve [&hellip;]<\/p>\n","protected":false},"featured_media":550,"comment_status":"open","ping_status":"closed","template":"","meta":[],"product_brand":[],"product_cat":[34],"product_tag":[],"class_list":{"0":"post-549","1":"product","2":"type-product","3":"status-publish","4":"has-post-thumbnail","6":"product_cat-cinske","8":"first","9":"instock","10":"taxable","11":"shipping-taxable","12":"purchasable","13":"product-type-simple"},"aioseo_notices":[],"_links":{"self":[{"href":"https:\/\/ine-predmety.ucimesaweby.sk\/ptw\/toth\/wp-json\/wp\/v2\/product\/549","targetHints":{"allow":["GET"]}}],"collection":[{"href":"https:\/\/ine-predmety.ucimesaweby.sk\/ptw\/toth\/wp-json\/wp\/v2\/product"}],"about":[{"href":"https:\/\/ine-predmety.ucimesaweby.sk\/ptw\/toth\/wp-json\/wp\/v2\/types\/product"}],"replies":[{"embeddable":true,"href":"https:\/\/ine-predmety.ucimesaweby.sk\/ptw\/toth\/wp-json\/wp\/v2\/comments?post=549"}],"wp:featuredmedia":[{"embeddable":true,"href":"https:\/\/ine-predmety.ucimesaweby.sk\/ptw\/toth\/wp-json\/wp\/v2\/media\/550"}],"wp:attachment":[{"href":"https:\/\/ine-predmety.ucimesaweby.sk\/ptw\/toth\/wp-json\/wp\/v2\/media?parent=549"}],"wp:term":[{"taxonomy":"product_brand","embeddable":true,"href":"https:\/\/ine-predmety.ucimesaweby.sk\/ptw\/toth\/wp-json\/wp\/v2\/product_brand?post=549"},{"taxonomy":"product_cat","embeddable":true,"href":"https:\/\/ine-predmety.ucimesaweby.sk\/ptw\/toth\/wp-json\/wp\/v2\/product_cat?post=549"},{"taxonomy":"product_tag","embeddable":true,"href":"https:\/\/ine-predmety.ucimesaweby.sk\/ptw\/toth\/wp-json\/wp\/v2\/product_tag?post=549"}],"curies":[{"name":"wp","href":"https:\/\/api.w.org\/{rel}","templated":true}]}}