{"id":545,"date":"2026-04-29T13:37:17","date_gmt":"2026-04-29T11:37:17","guid":{"rendered":"https:\/\/ine-predmety.ucimesaweby.sk\/ptw\/toth\/?post_type=product&#038;p=545"},"modified":"2026-04-29T13:38:58","modified_gmt":"2026-04-29T11:38:58","slug":"csv6c-true-mystery-booster-box-cinsky","status":"publish","type":"product","link":"https:\/\/ine-predmety.ucimesaweby.sk\/ptw\/toth\/produkt\/csv6c-true-mystery-booster-box-cinsky\/","title":{"rendered":"CSV6C: True Mystery Booster Box &#8211; \u010c\u00ednsky"},"content":{"rendered":"<div id=\"description\" class=\"tab-pane fade in active\" role=\"tabpanel\">\n<div class=\"description-inner\">\n<div class=\"basic-description\">\n<h3 data-path-to-node=\"6\">Stret minulosti a bud\u00facnosti v jednom balen\u00ed<\/h3>\n<p data-path-to-node=\"7\">Pripravte sa na epick\u00fd stret dvoch\u00a0 odli\u0161n\u00fdch \u010dasov\u00fdch l\u00edni\u00ed. V tomto sete debutuj\u00fa d\u00e1vni Ancient Pok\u00e9moni ako Roaring Moon, Slither Wing a Brute Bonnet. Proti nim sa postavia technologicky vyspel\u00e9 Future formy, medzi ktor\u00fdmi nech\u00fdbaj\u00fa Iron Valiant, Iron Jugulis \u010di Iron Moth.<\/p>\n<p>Ka\u017ed\u00fd Box obsahuje <strong>15 Packov po 5 n\u00e1hodn\u00fdch kart\u00e1ch<\/strong><\/p>\n<\/div>\n<\/div>\n<\/div>\n<div id=\"productDiscussion\" class=\"tab-pane fade\" role=\"tabpanel\" data-testid=\"areaDiscussion\">\n<div id=\"discussionWrapper\" class=\"discussion-wrapper unveil-wrapper\" data-parent-tab=\"productDiscussion\" data-testid=\"wrapperDiscussion\">\n<div class=\"discussionContainer js-discussion-container\" data-editorid=\"discussion\"><\/div>\n<\/div>\n<\/div>\n","protected":false},"excerpt":{"rendered":"<p>Stret minulosti a bud\u00facnosti v jednom balen\u00ed Pripravte sa na epick\u00fd stret dvoch\u00a0 odli\u0161n\u00fdch \u010dasov\u00fdch l\u00edni\u00ed. V tomto sete debutuj\u00fa d\u00e1vni Ancient Pok\u00e9moni ako Roaring Moon, Slither Wing a Brute [&hellip;]<\/p>\n","protected":false},"featured_media":546,"comment_status":"open","ping_status":"closed","template":"","meta":[],"product_brand":[33],"product_cat":[34],"product_tag":[],"class_list":{"0":"post-545","1":"product","2":"type-product","3":"status-publish","4":"has-post-thumbnail","6":"product_brand-booster","7":"product_cat-cinske","9":"first","10":"instock","11":"taxable","12":"shipping-taxable","13":"purchasable","14":"product-type-simple"},"aioseo_notices":[],"_links":{"self":[{"href":"https:\/\/ine-predmety.ucimesaweby.sk\/ptw\/toth\/wp-json\/wp\/v2\/product\/545","targetHints":{"allow":["GET"]}}],"collection":[{"href":"https:\/\/ine-predmety.ucimesaweby.sk\/ptw\/toth\/wp-json\/wp\/v2\/product"}],"about":[{"href":"https:\/\/ine-predmety.ucimesaweby.sk\/ptw\/toth\/wp-json\/wp\/v2\/types\/product"}],"replies":[{"embeddable":true,"href":"https:\/\/ine-predmety.ucimesaweby.sk\/ptw\/toth\/wp-json\/wp\/v2\/comments?post=545"}],"wp:featuredmedia":[{"embeddable":true,"href":"https:\/\/ine-predmety.ucimesaweby.sk\/ptw\/toth\/wp-json\/wp\/v2\/media\/546"}],"wp:attachment":[{"href":"https:\/\/ine-predmety.ucimesaweby.sk\/ptw\/toth\/wp-json\/wp\/v2\/media?parent=545"}],"wp:term":[{"taxonomy":"product_brand","embeddable":true,"href":"https:\/\/ine-predmety.ucimesaweby.sk\/ptw\/toth\/wp-json\/wp\/v2\/product_brand?post=545"},{"taxonomy":"product_cat","embeddable":true,"href":"https:\/\/ine-predmety.ucimesaweby.sk\/ptw\/toth\/wp-json\/wp\/v2\/product_cat?post=545"},{"taxonomy":"product_tag","embeddable":true,"href":"https:\/\/ine-predmety.ucimesaweby.sk\/ptw\/toth\/wp-json\/wp\/v2\/product_tag?post=545"}],"curies":[{"name":"wp","href":"https:\/\/api.w.org\/{rel}","templated":true}]}}