{"id":541,"date":"2026-04-29T13:31:48","date_gmt":"2026-04-29T11:31:48","guid":{"rendered":"https:\/\/ine-predmety.ucimesaweby.sk\/ptw\/toth\/?post_type=product&#038;p=541"},"modified":"2026-04-29T13:34:24","modified_gmt":"2026-04-29T11:34:24","slug":"pokemon-tcg-sword-shield-final-flame-dance-booster-box-cinske","status":"publish","type":"product","link":"https:\/\/ine-predmety.ucimesaweby.sk\/ptw\/toth\/produkt\/pokemon-tcg-sword-shield-final-flame-dance-booster-box-cinske\/","title":{"rendered":"Pok\u00e9mon TCG &#8211; Sword &#038; Shield &#8211; Final Flame Dance &#8211; Booster Box &#8211; \u010c\u00ednske"},"content":{"rendered":"<h3 data-path-to-node=\"6\">\u010co ukr\u00fdva tento zape\u010daten\u00fd box?<\/h3>\n<p data-path-to-node=\"7\">V tomto origin\u00e1lne balenom sete n\u00e1jdete 20 samostatn\u00fdch booster bal\u00ed\u010dkov. Ke\u010f\u017ee ka\u017ed\u00fd bal\u00ed\u010dek obsahuje 6 kariet, va\u0161u zbierku obohat\u00edte celkovo o 120 nov\u00fdch k\u00faskov. \u010c\u00ednska distrib\u00facia je medzi komunitou zberate\u013eov mimoriadne vyh\u013ead\u00e1van\u00e1, predov\u0161etk\u00fdm v\u010faka \u0161pecifick\u00e9mu dizajnu a nekompromisnej kvalite tla\u010de.<\/p>\n","protected":false},"excerpt":{"rendered":"<p>\u010co ukr\u00fdva tento zape\u010daten\u00fd box? V tomto origin\u00e1lne balenom sete n\u00e1jdete 20 samostatn\u00fdch booster bal\u00ed\u010dkov. Ke\u010f\u017ee ka\u017ed\u00fd bal\u00ed\u010dek obsahuje 6 kariet, va\u0161u zbierku obohat\u00edte celkovo o 120 nov\u00fdch k\u00faskov. \u010c\u00ednska [&hellip;]<\/p>\n","protected":false},"featured_media":542,"comment_status":"open","ping_status":"closed","template":"","meta":[],"product_brand":[33],"product_cat":[34],"product_tag":[],"class_list":{"0":"post-541","1":"product","2":"type-product","3":"status-publish","4":"has-post-thumbnail","6":"product_brand-booster","7":"product_cat-cinske","9":"first","10":"instock","11":"taxable","12":"shipping-taxable","13":"purchasable","14":"product-type-simple"},"aioseo_notices":[],"_links":{"self":[{"href":"https:\/\/ine-predmety.ucimesaweby.sk\/ptw\/toth\/wp-json\/wp\/v2\/product\/541","targetHints":{"allow":["GET"]}}],"collection":[{"href":"https:\/\/ine-predmety.ucimesaweby.sk\/ptw\/toth\/wp-json\/wp\/v2\/product"}],"about":[{"href":"https:\/\/ine-predmety.ucimesaweby.sk\/ptw\/toth\/wp-json\/wp\/v2\/types\/product"}],"replies":[{"embeddable":true,"href":"https:\/\/ine-predmety.ucimesaweby.sk\/ptw\/toth\/wp-json\/wp\/v2\/comments?post=541"}],"wp:featuredmedia":[{"embeddable":true,"href":"https:\/\/ine-predmety.ucimesaweby.sk\/ptw\/toth\/wp-json\/wp\/v2\/media\/542"}],"wp:attachment":[{"href":"https:\/\/ine-predmety.ucimesaweby.sk\/ptw\/toth\/wp-json\/wp\/v2\/media?parent=541"}],"wp:term":[{"taxonomy":"product_brand","embeddable":true,"href":"https:\/\/ine-predmety.ucimesaweby.sk\/ptw\/toth\/wp-json\/wp\/v2\/product_brand?post=541"},{"taxonomy":"product_cat","embeddable":true,"href":"https:\/\/ine-predmety.ucimesaweby.sk\/ptw\/toth\/wp-json\/wp\/v2\/product_cat?post=541"},{"taxonomy":"product_tag","embeddable":true,"href":"https:\/\/ine-predmety.ucimesaweby.sk\/ptw\/toth\/wp-json\/wp\/v2\/product_tag?post=541"}],"curies":[{"name":"wp","href":"https:\/\/api.w.org\/{rel}","templated":true}]}}