{"id":535,"date":"2026-04-29T13:18:05","date_gmt":"2026-04-29T11:18:05","guid":{"rendered":"https:\/\/ine-predmety.ucimesaweby.sk\/ptw\/toth\/?post_type=product&#038;p=535"},"modified":"2026-04-29T13:19:06","modified_gmt":"2026-04-29T11:19:06","slug":"ninja-spinner-booster-pack-japonsky","status":"publish","type":"product","link":"https:\/\/ine-predmety.ucimesaweby.sk\/ptw\/toth\/produkt\/ninja-spinner-booster-pack-japonsky\/","title":{"rendered":"Ninja Spinner &#8211; Booster Pack &#8211; Japonsk\u00fd"},"content":{"rendered":"<p>Origin\u00e1lny <b data-path-to-node=\"5\" data-index-in-node=\"11\">Pok\u00e9mon Ninja &#8211; Spinner Booster<\/b> v\u00e1m prin\u00e1\u0161a autentick\u00e9 zberate\u013esk\u00e9 karty z japonskej distrib\u00facie. Tento samostatn\u00fd bal\u00ed\u010dek ukr\u00fdva jedine\u010dn\u00fd mix, v ktorom m\u00e1te \u0161ancu objavi\u0165 vz\u00e1cne, holografick\u00e9 \u010di limitovan\u00e9 ed\u00edcie.<\/p>\n","protected":false},"excerpt":{"rendered":"<p>Origin\u00e1lny Pok\u00e9mon Ninja &#8211; Spinner Booster v\u00e1m prin\u00e1\u0161a autentick\u00e9 zberate\u013esk\u00e9 karty z japonskej distrib\u00facie. Tento samostatn\u00fd bal\u00ed\u010dek ukr\u00fdva jedine\u010dn\u00fd mix, v ktorom m\u00e1te \u0161ancu objavi\u0165 vz\u00e1cne, holografick\u00e9 \u010di limitovan\u00e9 ed\u00edcie.<\/p>\n","protected":false},"featured_media":533,"comment_status":"open","ping_status":"closed","template":"","meta":[],"product_brand":[33],"product_cat":[31],"product_tag":[],"class_list":{"0":"post-535","1":"product","2":"type-product","3":"status-publish","4":"has-post-thumbnail","6":"product_brand-booster","7":"product_cat-japonske","9":"first","10":"instock","11":"taxable","12":"shipping-taxable","13":"purchasable","14":"product-type-simple"},"aioseo_notices":[],"_links":{"self":[{"href":"https:\/\/ine-predmety.ucimesaweby.sk\/ptw\/toth\/wp-json\/wp\/v2\/product\/535","targetHints":{"allow":["GET"]}}],"collection":[{"href":"https:\/\/ine-predmety.ucimesaweby.sk\/ptw\/toth\/wp-json\/wp\/v2\/product"}],"about":[{"href":"https:\/\/ine-predmety.ucimesaweby.sk\/ptw\/toth\/wp-json\/wp\/v2\/types\/product"}],"replies":[{"embeddable":true,"href":"https:\/\/ine-predmety.ucimesaweby.sk\/ptw\/toth\/wp-json\/wp\/v2\/comments?post=535"}],"wp:featuredmedia":[{"embeddable":true,"href":"https:\/\/ine-predmety.ucimesaweby.sk\/ptw\/toth\/wp-json\/wp\/v2\/media\/533"}],"wp:attachment":[{"href":"https:\/\/ine-predmety.ucimesaweby.sk\/ptw\/toth\/wp-json\/wp\/v2\/media?parent=535"}],"wp:term":[{"taxonomy":"product_brand","embeddable":true,"href":"https:\/\/ine-predmety.ucimesaweby.sk\/ptw\/toth\/wp-json\/wp\/v2\/product_brand?post=535"},{"taxonomy":"product_cat","embeddable":true,"href":"https:\/\/ine-predmety.ucimesaweby.sk\/ptw\/toth\/wp-json\/wp\/v2\/product_cat?post=535"},{"taxonomy":"product_tag","embeddable":true,"href":"https:\/\/ine-predmety.ucimesaweby.sk\/ptw\/toth\/wp-json\/wp\/v2\/product_tag?post=535"}],"curies":[{"name":"wp","href":"https:\/\/api.w.org\/{rel}","templated":true}]}}