{"id":524,"date":"2026-04-29T12:53:45","date_gmt":"2026-04-29T10:53:45","guid":{"rendered":"https:\/\/ine-predmety.ucimesaweby.sk\/ptw\/toth\/?post_type=product&#038;p=524"},"modified":"2026-04-29T12:53:45","modified_gmt":"2026-04-29T10:53:45","slug":"mega-charizard-ex-ultra-premium-collection","status":"publish","type":"product","link":"https:\/\/ine-predmety.ucimesaweby.sk\/ptw\/toth\/produkt\/mega-charizard-ex-ultra-premium-collection\/","title":{"rendered":"Mega Charizard Ex Ultra Premium Collection"},"content":{"rendered":"<p>\ud83d\udd25 Priv\u00edtajte kr\u00e1\u013ea oh\u0148a: <b data-path-to-node=\"2\" data-index-in-node=\"111\">Mega Charizard X<\/b>! \ud83d\udd25 T\u00e1to nadupan\u00e1 Ultra-Premium kolekcia je splnen\u00fdm snom ka\u017ed\u00e9ho Pok\u00e9mon TCG maniaka. \ud83d\ude0d \u010co \u0165a vn\u00fatri \u010dak\u00e1? \ud83d\udc09 Brut\u00e1lny Mega Charizard X ex \u2728 Exkluz\u00edvne promo karty \ud83d\udce6 Kopec boosterov a pr\u00e9miov\u00e9 hern\u00e9 doplnky! Preme\u0148 svoje z\u00e1pasy na epick\u00fd z\u00e1\u017eitok a uk\u00e1\u017e s\u00faperom, kto tu vl\u00e1dne. Nezabudni, legendy ne\u010dakaj\u00fa dlho!<\/p>\n","protected":false},"excerpt":{"rendered":"<p>\ud83d\udd25 Priv\u00edtajte kr\u00e1\u013ea oh\u0148a: Mega Charizard X! \ud83d\udd25 T\u00e1to nadupan\u00e1 Ultra-Premium kolekcia je splnen\u00fdm snom ka\u017ed\u00e9ho Pok\u00e9mon TCG maniaka. \ud83d\ude0d \u010co \u0165a vn\u00fatri \u010dak\u00e1? \ud83d\udc09 Brut\u00e1lny Mega Charizard X ex [&hellip;]<\/p>\n","protected":false},"featured_media":525,"comment_status":"open","ping_status":"closed","template":"","meta":[],"product_brand":[],"product_cat":[30],"product_tag":[],"class_list":{"0":"post-524","1":"product","2":"type-product","3":"status-publish","4":"has-post-thumbnail","6":"product_cat-mega-evolution","8":"first","9":"instock","10":"taxable","11":"shipping-taxable","12":"purchasable","13":"product-type-simple"},"aioseo_notices":[],"_links":{"self":[{"href":"https:\/\/ine-predmety.ucimesaweby.sk\/ptw\/toth\/wp-json\/wp\/v2\/product\/524","targetHints":{"allow":["GET"]}}],"collection":[{"href":"https:\/\/ine-predmety.ucimesaweby.sk\/ptw\/toth\/wp-json\/wp\/v2\/product"}],"about":[{"href":"https:\/\/ine-predmety.ucimesaweby.sk\/ptw\/toth\/wp-json\/wp\/v2\/types\/product"}],"replies":[{"embeddable":true,"href":"https:\/\/ine-predmety.ucimesaweby.sk\/ptw\/toth\/wp-json\/wp\/v2\/comments?post=524"}],"wp:featuredmedia":[{"embeddable":true,"href":"https:\/\/ine-predmety.ucimesaweby.sk\/ptw\/toth\/wp-json\/wp\/v2\/media\/525"}],"wp:attachment":[{"href":"https:\/\/ine-predmety.ucimesaweby.sk\/ptw\/toth\/wp-json\/wp\/v2\/media?parent=524"}],"wp:term":[{"taxonomy":"product_brand","embeddable":true,"href":"https:\/\/ine-predmety.ucimesaweby.sk\/ptw\/toth\/wp-json\/wp\/v2\/product_brand?post=524"},{"taxonomy":"product_cat","embeddable":true,"href":"https:\/\/ine-predmety.ucimesaweby.sk\/ptw\/toth\/wp-json\/wp\/v2\/product_cat?post=524"},{"taxonomy":"product_tag","embeddable":true,"href":"https:\/\/ine-predmety.ucimesaweby.sk\/ptw\/toth\/wp-json\/wp\/v2\/product_tag?post=524"}],"curies":[{"name":"wp","href":"https:\/\/api.w.org\/{rel}","templated":true}]}}