{"id":516,"date":"2026-04-29T12:42:36","date_gmt":"2026-04-29T10:42:36","guid":{"rendered":"https:\/\/ine-predmety.ucimesaweby.sk\/ptw\/toth\/?post_type=product&#038;p=516"},"modified":"2026-04-29T12:47:36","modified_gmt":"2026-04-29T10:47:36","slug":"pokemon-tcg-perfect-order-booster-bundle","status":"publish","type":"product","link":"https:\/\/ine-predmety.ucimesaweby.sk\/ptw\/toth\/produkt\/pokemon-tcg-perfect-order-booster-bundle\/","title":{"rendered":"Pok\u00e9mon TCG &#8211; Perfect Order &#8211; Booster Bundle"},"content":{"rendered":"<p>Pripravte sa na ultim\u00e1tny s\u00faboj! Legend\u00e1rny <b data-path-to-node=\"1\" data-index-in-node=\"113\">Mega Zygarde ex<\/b> prich\u00e1dza na sc\u00e9nu v novom, nadupanom roz\u0161\u00edren\u00ed <b data-path-to-node=\"1\" data-index-in-node=\"177\">Mega Evolution\u2014Perfect Order<\/b>, ktor\u00e9 vy\u0161lo 27. marca 2026. Tento set prin\u00e1\u0161a viac ne\u017e 120 kariet, medzi ktor\u00fdmi n\u00e1jdete 25 u\u017eito\u010dn\u00fdch Tr\u00e9nerov a viac ako 30 n\u00e1dhern\u00fdch zberate\u013esk\u00fdch k\u00faskov so \u0161peci\u00e1lnymi ilustr\u00e1ciami. Zygarde v\u0161ak do boja netiahne s\u00e1m! Silu Mega Evol\u00facie naplno uk\u00e1\u017eu aj <b data-path-to-node=\"1\" data-index-in-node=\"464\">Mega Clefable ex<\/b> a <b data-path-to-node=\"1\" data-index-in-node=\"483\">Mega Starmie ex<\/b>, ktor\u00fdch dop\u013a\u0148a ob\u013e\u00faben\u00fd <b data-path-to-node=\"1\" data-index-in-node=\"524\">Meowth ex<\/b> a \u010fal\u0161\u00ed \u00fa\u017easn\u00ed Pok\u00e9moni. Zostavte si neporazite\u013en\u00fd bal\u00ed\u010dek a vrhnite sa do akcie!<\/p>\n","protected":false},"excerpt":{"rendered":"<p>Pripravte sa na ultim\u00e1tny s\u00faboj! Legend\u00e1rny Mega Zygarde ex prich\u00e1dza na sc\u00e9nu v novom, nadupanom roz\u0161\u00edren\u00ed Mega Evolution\u2014Perfect Order, ktor\u00e9 vy\u0161lo 27. marca 2026. Tento set prin\u00e1\u0161a viac ne\u017e 120 [&hellip;]<\/p>\n","protected":false},"featured_media":523,"comment_status":"open","ping_status":"closed","template":"","meta":[],"product_brand":[],"product_cat":[30],"product_tag":[],"class_list":{"0":"post-516","1":"product","2":"type-product","3":"status-publish","4":"has-post-thumbnail","6":"product_cat-mega-evolution","8":"first","9":"instock","10":"taxable","11":"shipping-taxable","12":"purchasable","13":"product-type-simple"},"aioseo_notices":[],"_links":{"self":[{"href":"https:\/\/ine-predmety.ucimesaweby.sk\/ptw\/toth\/wp-json\/wp\/v2\/product\/516","targetHints":{"allow":["GET"]}}],"collection":[{"href":"https:\/\/ine-predmety.ucimesaweby.sk\/ptw\/toth\/wp-json\/wp\/v2\/product"}],"about":[{"href":"https:\/\/ine-predmety.ucimesaweby.sk\/ptw\/toth\/wp-json\/wp\/v2\/types\/product"}],"replies":[{"embeddable":true,"href":"https:\/\/ine-predmety.ucimesaweby.sk\/ptw\/toth\/wp-json\/wp\/v2\/comments?post=516"}],"wp:featuredmedia":[{"embeddable":true,"href":"https:\/\/ine-predmety.ucimesaweby.sk\/ptw\/toth\/wp-json\/wp\/v2\/media\/523"}],"wp:attachment":[{"href":"https:\/\/ine-predmety.ucimesaweby.sk\/ptw\/toth\/wp-json\/wp\/v2\/media?parent=516"}],"wp:term":[{"taxonomy":"product_brand","embeddable":true,"href":"https:\/\/ine-predmety.ucimesaweby.sk\/ptw\/toth\/wp-json\/wp\/v2\/product_brand?post=516"},{"taxonomy":"product_cat","embeddable":true,"href":"https:\/\/ine-predmety.ucimesaweby.sk\/ptw\/toth\/wp-json\/wp\/v2\/product_cat?post=516"},{"taxonomy":"product_tag","embeddable":true,"href":"https:\/\/ine-predmety.ucimesaweby.sk\/ptw\/toth\/wp-json\/wp\/v2\/product_tag?post=516"}],"curies":[{"name":"wp","href":"https:\/\/api.w.org\/{rel}","templated":true}]}}