{"id":512,"date":"2026-04-29T12:34:13","date_gmt":"2026-04-29T10:34:13","guid":{"rendered":"https:\/\/ine-predmety.ucimesaweby.sk\/ptw\/toth\/?post_type=product&#038;p=512"},"modified":"2026-05-02T19:53:10","modified_gmt":"2026-05-02T17:53:10","slug":"pokemon-tcg-pokemon-day-2026-collection-30th-anniversary","status":"publish","type":"product","link":"https:\/\/ine-predmety.ucimesaweby.sk\/ptw\/toth\/produkt\/pokemon-tcg-pokemon-day-2026-collection-30th-anniversary\/","title":{"rendered":"Pok\u00e9mon TCG: Pok\u00e9mon Day 2026 Collection (30th Anniversary)"},"content":{"rendered":"<p>Osl\u00e1vte tri dek\u00e1dy fenom\u00e9nu s <b data-path-to-node=\"1\" data-index-in-node=\"95\">Pok\u00e9mon TCG: Pok\u00e9mon Day 2026 Collection (30th Anniversary)<\/b>! T\u00e1to exkluz\u00edvna zberate\u013esk\u00e1 ed\u00edcia vzd\u00e1va hold 30 rokom hist\u00f3rie Pok\u00e9mon kariet a je absol\u00fatnou nutnos\u0165ou pre nad\u0161en\u00fdch hr\u00e1\u010dov aj v\u00e1\u0161niv\u00fdch zberate\u013eov. O\u010dar\u00ed v\u00e1s unik\u00e1tnym dizajnom venovan\u00fdm udalosti Pok\u00e9mon Day a v\u010faka svojej striktne limitovanej dostupnosti predstavuje vynikaj\u00facu investi\u010dn\u00fa pr\u00edle\u017eitos\u0165 do bud\u00facna. Balenie je 100 % origin\u00e1lne a zape\u010daten\u00e9 (factory sealed). Otv\u00e1ra\u0165 ho budeme spolo\u010dne LIVE!<\/p>\n<p>&nbsp;<\/p>\n","protected":false},"excerpt":{"rendered":"<p>Osl\u00e1vte tri dek\u00e1dy fenom\u00e9nu s Pok\u00e9mon TCG: Pok\u00e9mon Day 2026 Collection (30th Anniversary)! T\u00e1to exkluz\u00edvna zberate\u013esk\u00e1 ed\u00edcia vzd\u00e1va hold 30 rokom hist\u00f3rie Pok\u00e9mon kariet a je absol\u00fatnou nutnos\u0165ou pre nad\u0161en\u00fdch [&hellip;]<\/p>\n","protected":false},"featured_media":521,"comment_status":"open","ping_status":"closed","template":"","meta":[],"product_brand":[],"product_cat":[29],"product_tag":[],"class_list":{"0":"post-512","1":"product","2":"type-product","3":"status-publish","4":"has-post-thumbnail","6":"product_cat-30th-anniversary","8":"first","9":"instock","10":"taxable","11":"shipping-taxable","12":"purchasable","13":"product-type-simple"},"aioseo_notices":[],"_links":{"self":[{"href":"https:\/\/ine-predmety.ucimesaweby.sk\/ptw\/toth\/wp-json\/wp\/v2\/product\/512","targetHints":{"allow":["GET"]}}],"collection":[{"href":"https:\/\/ine-predmety.ucimesaweby.sk\/ptw\/toth\/wp-json\/wp\/v2\/product"}],"about":[{"href":"https:\/\/ine-predmety.ucimesaweby.sk\/ptw\/toth\/wp-json\/wp\/v2\/types\/product"}],"replies":[{"embeddable":true,"href":"https:\/\/ine-predmety.ucimesaweby.sk\/ptw\/toth\/wp-json\/wp\/v2\/comments?post=512"}],"wp:featuredmedia":[{"embeddable":true,"href":"https:\/\/ine-predmety.ucimesaweby.sk\/ptw\/toth\/wp-json\/wp\/v2\/media\/521"}],"wp:attachment":[{"href":"https:\/\/ine-predmety.ucimesaweby.sk\/ptw\/toth\/wp-json\/wp\/v2\/media?parent=512"}],"wp:term":[{"taxonomy":"product_brand","embeddable":true,"href":"https:\/\/ine-predmety.ucimesaweby.sk\/ptw\/toth\/wp-json\/wp\/v2\/product_brand?post=512"},{"taxonomy":"product_cat","embeddable":true,"href":"https:\/\/ine-predmety.ucimesaweby.sk\/ptw\/toth\/wp-json\/wp\/v2\/product_cat?post=512"},{"taxonomy":"product_tag","embeddable":true,"href":"https:\/\/ine-predmety.ucimesaweby.sk\/ptw\/toth\/wp-json\/wp\/v2\/product_tag?post=512"}],"curies":[{"name":"wp","href":"https:\/\/api.w.org\/{rel}","templated":true}]}}