{"id":406,"date":"2026-04-26T22:01:10","date_gmt":"2026-04-26T20:01:10","guid":{"rendered":"https:\/\/ine-predmety.ucimesaweby.sk\/ptw\/toth\/kosik\/"},"modified":"2026-04-29T23:04:45","modified_gmt":"2026-04-29T21:04:45","slug":"kosik","status":"publish","type":"page","link":"https:\/\/ine-predmety.ucimesaweby.sk\/ptw\/toth\/kosik\/","title":{"rendered":"Ko\u0161\u00edk"},"content":{"rendered":"\n<div data-block-name=\"woocommerce\/cart\" class=\"wp-block-woocommerce-cart alignwide is-loading\">\n<div data-block-name=\"woocommerce\/filled-cart-block\" class=\"wp-block-woocommerce-filled-cart-block\">\n<div data-block-name=\"woocommerce\/cart-items-block\" class=\"wp-block-woocommerce-cart-items-block\">\n<div data-block-name=\"woocommerce\/cart-line-items-block\" class=\"wp-block-woocommerce-cart-line-items-block\"><\/div>\n\n\n<\/div>\n\n\n\n<div data-block-name=\"woocommerce\/cart-totals-block\" class=\"wp-block-woocommerce-cart-totals-block\">\n<div data-block-name=\"woocommerce\/cart-order-summary-block\" class=\"wp-block-woocommerce-cart-order-summary-block\">\n<div data-block-name=\"woocommerce\/cart-order-summary-heading-block\" data-content=\"Celkov\u00e1 hodnota ko\u0161\u00edku\" class=\"wp-block-woocommerce-cart-order-summary-heading-block\"><\/div>\n\n\n\n<div data-block-name=\"woocommerce\/cart-order-summary-coupon-form-block\" class=\"wp-block-woocommerce-cart-order-summary-coupon-form-block\"><\/div>\n\n\n\n<div data-block-name=\"woocommerce\/cart-order-summary-totals-block\" class=\"wp-block-woocommerce-cart-order-summary-totals-block\">\n<div data-block-name=\"woocommerce\/cart-order-summary-subtotal-block\" class=\"wp-block-woocommerce-cart-order-summary-subtotal-block\"><\/div>\n\n\n\n<div data-block-name=\"woocommerce\/cart-order-summary-fee-block\" class=\"wp-block-woocommerce-cart-order-summary-fee-block\"><\/div>\n\n\n\n<div data-block-name=\"woocommerce\/cart-order-summary-discount-block\" class=\"wp-block-woocommerce-cart-order-summary-discount-block\"><\/div>\n\n\n\n<div data-block-name=\"woocommerce\/cart-order-summary-shipping-block\" class=\"wp-block-woocommerce-cart-order-summary-shipping-block\"><\/div>\n\n\n\n<div data-block-name=\"woocommerce\/cart-order-summary-taxes-block\" class=\"wp-block-woocommerce-cart-order-summary-taxes-block\"><\/div>\n<\/div>\n<\/div>\n\n\n\n<div data-block-name=\"woocommerce\/cart-express-payment-block\" class=\"wp-block-woocommerce-cart-express-payment-block\"><\/div>\n\n\n\n<div data-block-name=\"woocommerce\/proceed-to-checkout-block\" class=\"wp-block-woocommerce-proceed-to-checkout-block\"><\/div>\n\n\n\n<div data-block-name=\"woocommerce\/cart-accepted-payment-methods-block\" class=\"wp-block-woocommerce-cart-accepted-payment-methods-block\"><\/div>\n<\/div>\n<\/div>\n\n\n\n<div data-block-name=\"woocommerce\/empty-cart-block\" class=\"wp-block-woocommerce-empty-cart-block\">\n<h2 class=\"wp-block-heading has-text-align-center with-empty-cart-icon wc-block-cart__empty-cart__title\">V\u00e1\u0161 ko\u0161\u00edk je aktu\u00e1ln\u011b pr\u00e1zdn\u00fd!<\/h2>\n\n\n\n<hr class=\"wp-block-separator has-alpha-channel-opacity is-style-dots\"\/>\n\n\n\n<h2 class=\"wp-block-heading has-text-align-center\">Novinka<\/h2>\n\n\n<div data-block-name=\"woocommerce\/product-new\" data-columns=\"4\" data-rows=\"1\" class=\"wc-block-grid wp-block-product-new wp-block-woocommerce-product-new wc-block-product-new has-4-columns\"><ul class=\"wc-block-grid__products\"><li class=\"wc-block-grid__product product-grid \">\n\t\t\t\t<div class=\"loop-image-wrap botiga-add-to-cart-button-layout2 botiga-quick-view-button-layout2\">\n\t\t\t\t\t<a href=\"https:\/\/ine-predmety.ucimesaweby.sk\/ptw\/toth\/produkt\/151-booster-bundle\/\" class=\"wc-block-grid__product-link\" title=\"Prida\u0165 do ko\u0161\u00edka\">\n\t\t\t\t\t\t<div class=\"wc-block-grid__product-image\"><img loading=\"lazy\" decoding=\"async\" width=\"420\" height=\"315\" src=\"https:\/\/ine-predmety.ucimesaweby.sk\/ptw\/toth\/wp-content\/uploads\/2026\/04\/image-removebg-preview-54-420x315.png\" class=\"attachment-woocommerce_thumbnail size-woocommerce_thumbnail\" alt=\"151 Booster Bundle\" srcset=\"https:\/\/ine-predmety.ucimesaweby.sk\/ptw\/toth\/wp-content\/uploads\/2026\/04\/image-removebg-preview-54-420x315.png 420w, https:\/\/ine-predmety.ucimesaweby.sk\/ptw\/toth\/wp-content\/uploads\/2026\/04\/image-removebg-preview-54-300x225.png 300w, https:\/\/ine-predmety.ucimesaweby.sk\/ptw\/toth\/wp-content\/uploads\/2026\/04\/image-removebg-preview-54-575x431.png 575w, https:\/\/ine-predmety.ucimesaweby.sk\/ptw\/toth\/wp-content\/uploads\/2026\/04\/image-removebg-preview-54-380x285.png 380w, https:\/\/ine-predmety.ucimesaweby.sk\/ptw\/toth\/wp-content\/uploads\/2026\/04\/image-removebg-preview-54-80x60.png 80w, https:\/\/ine-predmety.ucimesaweby.sk\/ptw\/toth\/wp-content\/uploads\/2026\/04\/image-removebg-preview-54.png 577w\" sizes=\"auto, (max-width: 420px) 100vw, 420px\" \/><\/div>\n\t\t\t\t\t<\/a><span class=\"onsale\">Sale!<\/span>\n\t<a href=\"#\" class=\"button botiga-quick-view-show-on-hover botiga-quick-view botiga-quick-view-layout2\" aria-label=\"Quick view the 151 Booster Bundle product\" data-product-id=\"639\" data-nonce=\"8b9c01b4ec\">\n\t\tQuick View\t<\/a>\n\t<\/div><a href=\"https:\/\/ine-predmety.ucimesaweby.sk\/ptw\/toth\/produkt\/151-booster-bundle\/\" class=\"wc-block-grid__product-link\">\n\t\t\t\t\t<div class=\"wc-block-grid__product-title\">151 Booster Bundle<\/div>\n\t\t\t\t<\/a><div class=\"wc-block-grid__product-rating\"><div class=\"star-rating\" role=\"img\" aria-label=\"Hodnotenie 5.00 z 5\"><span style=\"width:100%\">Hodnotenie <strong class=\"rating\">5.00<\/strong> z 5 na z\u00e1klade <span class=\"rating\">2<\/span> z\u00e1kazn\u00edckych recenzi\u00ed<\/span><\/div><\/div><div class=\"wc-block-grid__product-price price\"><del aria-hidden=\"true\"><span class=\"woocommerce-Price-amount amount\">225.00&nbsp;<span class=\"woocommerce-Price-currencySymbol\">&euro;<\/span><\/span><\/del> <span class=\"screen-reader-text\">P\u00f4vodn\u00e1 cena bola: 225.00&nbsp;&euro;.<\/span><ins aria-hidden=\"true\"><span class=\"woocommerce-Price-amount amount\">220.00&nbsp;<span class=\"woocommerce-Price-currencySymbol\">&euro;<\/span><\/span><\/ins><span class=\"screen-reader-text\">Aktu\u00e1lna cena je: 220.00&nbsp;&euro;.<\/span><\/div><div class=\"wp-block-button wc-block-grid__product-add-to-cart\"><div class=\"loop-button-wrap button-width-auto button-layout2 \"><a href=\"\/ptw\/toth\/wp-json\/wp\/v2\/pages\/406?add-to-cart=639\" aria-label=\"Prida\u0165 do ko\u0161\u00edka: \u201e151 Booster Bundle\u201c\" data-quantity=\"1\" data-product_id=\"639\" data-product_sku=\"\" rel=\"nofollow\" class=\"button wp-block-button__link add_to_cart_button ajax_add_to_cart\">Prida\u0165 do ko\u0161\u00edka<\/a><\/div><\/div><\/li><li class=\"wc-block-grid__product product-grid \">\n\t\t\t\t<div class=\"loop-image-wrap botiga-add-to-cart-button-layout2 botiga-quick-view-button-layout2\">\n\t\t\t\t\t<a href=\"https:\/\/ine-predmety.ucimesaweby.sk\/ptw\/toth\/produkt\/pokemon-tcg-white-flare-elite-trainer-box\/\" class=\"wc-block-grid__product-link\" title=\"Prida\u0165 do ko\u0161\u00edka\">\n\t\t\t\t\t\t<div class=\"wc-block-grid__product-image\"><img loading=\"lazy\" decoding=\"async\" width=\"420\" height=\"420\" src=\"https:\/\/ine-predmety.ucimesaweby.sk\/ptw\/toth\/wp-content\/uploads\/2026\/04\/image-removebg-preview-52-420x420.png\" class=\"attachment-woocommerce_thumbnail size-woocommerce_thumbnail\" alt=\"Pok\u00e9mon TCG - White Flare - Elite Trainer Box\" srcset=\"https:\/\/ine-predmety.ucimesaweby.sk\/ptw\/toth\/wp-content\/uploads\/2026\/04\/image-removebg-preview-52-420x420.png 420w, https:\/\/ine-predmety.ucimesaweby.sk\/ptw\/toth\/wp-content\/uploads\/2026\/04\/image-removebg-preview-52-300x300.png 300w, https:\/\/ine-predmety.ucimesaweby.sk\/ptw\/toth\/wp-content\/uploads\/2026\/04\/image-removebg-preview-52-150x150.png 150w, https:\/\/ine-predmety.ucimesaweby.sk\/ptw\/toth\/wp-content\/uploads\/2026\/04\/image-removebg-preview-52-380x380.png 380w, https:\/\/ine-predmety.ucimesaweby.sk\/ptw\/toth\/wp-content\/uploads\/2026\/04\/image-removebg-preview-52-100x100.png 100w, https:\/\/ine-predmety.ucimesaweby.sk\/ptw\/toth\/wp-content\/uploads\/2026\/04\/image-removebg-preview-52-80x80.png 80w, https:\/\/ine-predmety.ucimesaweby.sk\/ptw\/toth\/wp-content\/uploads\/2026\/04\/image-removebg-preview-52.png 500w\" sizes=\"auto, (max-width: 420px) 100vw, 420px\" \/><\/div>\n\t\t\t\t\t<\/a>\n\t<a href=\"#\" class=\"button botiga-quick-view-show-on-hover botiga-quick-view botiga-quick-view-layout2\" aria-label=\"Quick view the Pok\u00e9mon TCG &#8211; White Flare &#8211; Elite Trainer Box product\" data-product-id=\"636\" data-nonce=\"8b9c01b4ec\">\n\t\tQuick View\t<\/a>\n\t<\/div><a href=\"https:\/\/ine-predmety.ucimesaweby.sk\/ptw\/toth\/produkt\/pokemon-tcg-white-flare-elite-trainer-box\/\" class=\"wc-block-grid__product-link\">\n\t\t\t\t\t<div class=\"wc-block-grid__product-title\">Pok\u00e9mon TCG &#8211; White Flare &#8211; Elite Trainer Box<\/div>\n\t\t\t\t<\/a><div class=\"wc-block-grid__product-price price\"><span class=\"woocommerce-Price-amount amount\">145.00&nbsp;<span class=\"woocommerce-Price-currencySymbol\">&euro;<\/span><\/span><\/div><div class=\"wp-block-button wc-block-grid__product-add-to-cart\"><div class=\"loop-button-wrap button-width-auto button-layout2 \"><a href=\"\/ptw\/toth\/wp-json\/wp\/v2\/pages\/406?add-to-cart=636\" aria-label=\"Prida\u0165 do ko\u0161\u00edka: \u201ePok\u00e9mon TCG - White Flare - Elite Trainer Box\u201c\" data-quantity=\"1\" data-product_id=\"636\" data-product_sku=\"\" rel=\"nofollow\" class=\"button wp-block-button__link add_to_cart_button ajax_add_to_cart\">Prida\u0165 do ko\u0161\u00edka<\/a><\/div><\/div><\/li><li class=\"wc-block-grid__product product-grid \">\n\t\t\t\t<div class=\"loop-image-wrap botiga-add-to-cart-button-layout2 botiga-quick-view-button-layout2\">\n\t\t\t\t\t<a href=\"https:\/\/ine-predmety.ucimesaweby.sk\/ptw\/toth\/produkt\/prismatic-evolutions-etb\/\" class=\"wc-block-grid__product-link\" title=\"Prida\u0165 do ko\u0161\u00edka\">\n\t\t\t\t\t\t<div class=\"wc-block-grid__product-image\"><img loading=\"lazy\" decoding=\"async\" width=\"420\" height=\"420\" src=\"https:\/\/ine-predmety.ucimesaweby.sk\/ptw\/toth\/wp-content\/uploads\/2026\/04\/image-removebg-preview-50-420x420.png\" class=\"attachment-woocommerce_thumbnail size-woocommerce_thumbnail\" alt=\"Prismatic Evolutions - ETB\" srcset=\"https:\/\/ine-predmety.ucimesaweby.sk\/ptw\/toth\/wp-content\/uploads\/2026\/04\/image-removebg-preview-50-420x420.png 420w, https:\/\/ine-predmety.ucimesaweby.sk\/ptw\/toth\/wp-content\/uploads\/2026\/04\/image-removebg-preview-50-300x300.png 300w, https:\/\/ine-predmety.ucimesaweby.sk\/ptw\/toth\/wp-content\/uploads\/2026\/04\/image-removebg-preview-50-150x150.png 150w, https:\/\/ine-predmety.ucimesaweby.sk\/ptw\/toth\/wp-content\/uploads\/2026\/04\/image-removebg-preview-50-380x380.png 380w, https:\/\/ine-predmety.ucimesaweby.sk\/ptw\/toth\/wp-content\/uploads\/2026\/04\/image-removebg-preview-50-100x100.png 100w, https:\/\/ine-predmety.ucimesaweby.sk\/ptw\/toth\/wp-content\/uploads\/2026\/04\/image-removebg-preview-50-80x80.png 80w, https:\/\/ine-predmety.ucimesaweby.sk\/ptw\/toth\/wp-content\/uploads\/2026\/04\/image-removebg-preview-50.png 500w\" sizes=\"auto, (max-width: 420px) 100vw, 420px\" \/><\/div>\n\t\t\t\t\t<\/a>\n\t<a href=\"#\" class=\"button botiga-quick-view-show-on-hover botiga-quick-view botiga-quick-view-layout2\" aria-label=\"Quick view the Prismatic Evolutions &#8211; ETB product\" data-product-id=\"552\" data-nonce=\"8b9c01b4ec\">\n\t\tQuick View\t<\/a>\n\t<\/div><a href=\"https:\/\/ine-predmety.ucimesaweby.sk\/ptw\/toth\/produkt\/prismatic-evolutions-etb\/\" class=\"wc-block-grid__product-link\">\n\t\t\t\t\t<div class=\"wc-block-grid__product-title\">Prismatic Evolutions &#8211; ETB<\/div>\n\t\t\t\t<\/a><div class=\"wc-block-grid__product-price price\"><span class=\"woocommerce-Price-amount amount\">235.00&nbsp;<span class=\"woocommerce-Price-currencySymbol\">&euro;<\/span><\/span><\/div><div class=\"wp-block-button wc-block-grid__product-add-to-cart\"><div class=\"loop-button-wrap button-width-auto button-layout2 \"><a href=\"\/ptw\/toth\/wp-json\/wp\/v2\/pages\/406?add-to-cart=552\" aria-label=\"Prida\u0165 do ko\u0161\u00edka: \u201ePrismatic Evolutions - ETB\u201c\" data-quantity=\"1\" data-product_id=\"552\" data-product_sku=\"\" rel=\"nofollow\" class=\"button wp-block-button__link add_to_cart_button ajax_add_to_cart\">Prida\u0165 do ko\u0161\u00edka<\/a><\/div><\/div><\/li><li class=\"wc-block-grid__product product-grid \">\n\t\t\t\t<div class=\"loop-image-wrap botiga-add-to-cart-button-layout2 botiga-quick-view-button-layout2\">\n\t\t\t\t\t<a href=\"https:\/\/ine-predmety.ucimesaweby.sk\/ptw\/toth\/produkt\/gem-pack-badge-set-cinsky\/\" class=\"wc-block-grid__product-link\" title=\"Prida\u0165 do ko\u0161\u00edka\">\n\t\t\t\t\t\t<div class=\"wc-block-grid__product-image\"><img loading=\"lazy\" decoding=\"async\" width=\"420\" height=\"315\" src=\"https:\/\/ine-predmety.ucimesaweby.sk\/ptw\/toth\/wp-content\/uploads\/2026\/04\/image-removebg-preview-48-420x315.png\" class=\"attachment-woocommerce_thumbnail size-woocommerce_thumbnail\" alt=\"Gem Pack -Badge Set - \u010c\u00ednsky\" srcset=\"https:\/\/ine-predmety.ucimesaweby.sk\/ptw\/toth\/wp-content\/uploads\/2026\/04\/image-removebg-preview-48-420x315.png 420w, https:\/\/ine-predmety.ucimesaweby.sk\/ptw\/toth\/wp-content\/uploads\/2026\/04\/image-removebg-preview-48-300x225.png 300w, https:\/\/ine-predmety.ucimesaweby.sk\/ptw\/toth\/wp-content\/uploads\/2026\/04\/image-removebg-preview-48-575x431.png 575w, https:\/\/ine-predmety.ucimesaweby.sk\/ptw\/toth\/wp-content\/uploads\/2026\/04\/image-removebg-preview-48-380x285.png 380w, https:\/\/ine-predmety.ucimesaweby.sk\/ptw\/toth\/wp-content\/uploads\/2026\/04\/image-removebg-preview-48-80x60.png 80w, https:\/\/ine-predmety.ucimesaweby.sk\/ptw\/toth\/wp-content\/uploads\/2026\/04\/image-removebg-preview-48.png 577w\" sizes=\"auto, (max-width: 420px) 100vw, 420px\" \/><\/div>\n\t\t\t\t\t<\/a>\n\t<a href=\"#\" class=\"button botiga-quick-view-show-on-hover botiga-quick-view botiga-quick-view-layout2\" aria-label=\"Quick view the Gem Pack -Badge Set &#8211; \u010c\u00ednsky product\" data-product-id=\"549\" data-nonce=\"8b9c01b4ec\">\n\t\tQuick View\t<\/a>\n\t<\/div><a href=\"https:\/\/ine-predmety.ucimesaweby.sk\/ptw\/toth\/produkt\/gem-pack-badge-set-cinsky\/\" class=\"wc-block-grid__product-link\">\n\t\t\t\t\t<div class=\"wc-block-grid__product-title\">Gem Pack -Badge Set &#8211; \u010c\u00ednsky<\/div>\n\t\t\t\t<\/a><div class=\"wc-block-grid__product-price price\"><span class=\"woocommerce-Price-amount amount\">16.00&nbsp;<span class=\"woocommerce-Price-currencySymbol\">&euro;<\/span><\/span><\/div><div class=\"wp-block-button wc-block-grid__product-add-to-cart\"><div class=\"loop-button-wrap button-width-auto button-layout2 \"><a href=\"\/ptw\/toth\/wp-json\/wp\/v2\/pages\/406?add-to-cart=549\" aria-label=\"Prida\u0165 do ko\u0161\u00edka: \u201eGem Pack -Badge Set - \u010c\u00ednsky\u201c\" data-quantity=\"1\" data-product_id=\"549\" data-product_sku=\"\" rel=\"nofollow\" class=\"button wp-block-button__link add_to_cart_button ajax_add_to_cart\">Prida\u0165 do ko\u0161\u00edka<\/a><\/div><\/div><\/li><\/ul><\/div><\/div>\n<\/div>\n","protected":false},"excerpt":{"rendered":"","protected":false},"author":1,"featured_media":0,"parent":0,"menu_order":0,"comment_status":"closed","ping_status":"closed","template":"","meta":{"footnotes":""},"class_list":["post-406","page","type-page","status-publish","hentry"],"aioseo_notices":[],"_links":{"self":[{"href":"https:\/\/ine-predmety.ucimesaweby.sk\/ptw\/toth\/wp-json\/wp\/v2\/pages\/406","targetHints":{"allow":["GET"]}}],"collection":[{"href":"https:\/\/ine-predmety.ucimesaweby.sk\/ptw\/toth\/wp-json\/wp\/v2\/pages"}],"about":[{"href":"https:\/\/ine-predmety.ucimesaweby.sk\/ptw\/toth\/wp-json\/wp\/v2\/types\/page"}],"author":[{"embeddable":true,"href":"https:\/\/ine-predmety.ucimesaweby.sk\/ptw\/toth\/wp-json\/wp\/v2\/users\/1"}],"replies":[{"embeddable":true,"href":"https:\/\/ine-predmety.ucimesaweby.sk\/ptw\/toth\/wp-json\/wp\/v2\/comments?post=406"}],"version-history":[{"count":1,"href":"https:\/\/ine-predmety.ucimesaweby.sk\/ptw\/toth\/wp-json\/wp\/v2\/pages\/406\/revisions"}],"predecessor-version":[{"id":621,"href":"https:\/\/ine-predmety.ucimesaweby.sk\/ptw\/toth\/wp-json\/wp\/v2\/pages\/406\/revisions\/621"}],"wp:attachment":[{"href":"https:\/\/ine-predmety.ucimesaweby.sk\/ptw\/toth\/wp-json\/wp\/v2\/media?parent=406"}],"curies":[{"name":"wp","href":"https:\/\/api.w.org\/{rel}","templated":true}]}}