{"id":362,"date":"2021-08-17T17:03:43","date_gmt":"2021-08-17T17:03:43","guid":{"rendered":"https:\/\/demo.athemes.com\/botiga\/?page_id=362"},"modified":"2026-04-29T23:26:43","modified_gmt":"2026-04-29T21:26:43","slug":"home-2","status":"publish","type":"page","link":"https:\/\/ine-predmety.ucimesaweby.sk\/ptw\/toth\/","title":{"rendered":"Home"},"content":{"rendered":"\n<div id=\"athemes-blocks-block-4441246e\" class=\"wp-block-athemes-athemes-blocks-block-container athemes-blocks-block athemes-blocks-block-4441246e athemes-blocks-block-container alignfull\"><div class=\"athemes-blocks-block-container-wrapper athemes-blocks-block-container-bg-cover athemes-blocks-block-container-bg-effect-scroll\"><img class=\"athemes-blocks-background-image\" width=\"2000\" height=\"1414\" srcset=\"https:\/\/ine-predmety.ucimesaweby.sk\/ptw\/toth\/wp-content\/uploads\/2026\/04\/Dizajn-bez-nazvu-12-150x150.png 150w, https:\/\/ine-predmety.ucimesaweby.sk\/ptw\/toth\/wp-content\/uploads\/2026\/04\/Dizajn-bez-nazvu-12-300x212.png 300w, https:\/\/ine-predmety.ucimesaweby.sk\/ptw\/toth\/wp-content\/uploads\/2026\/04\/Dizajn-bez-nazvu-12-1024x724.png 1024w, https:\/\/ine-predmety.ucimesaweby.sk\/ptw\/toth\/wp-content\/uploads\/2026\/04\/Dizajn-bez-nazvu-12.png 2000w, \" sizes=\"(max-width: 2000px) 100vw, 2000px\" alt=\"\"\/><div class=\"athemes-blocks-block-container-wrapper-content\">\n<h2 class=\"wp-block-heading has-text-align-center has-huge-font-size\"><mark style=\"background-color:#ffffff30\" class=\"has-inline-color has-color-1-color\"><strong>Va\u0161a cesta za dokonalou zbierkou za\u010d\u00edna tu<\/strong>!<\/mark><\/h2>\n\n\n\n<div class=\"wp-block-buttons is-content-justification-center is-layout-flex wp-container-core-buttons-is-layout-a89b3969 wp-block-buttons-is-layout-flex\">\n<div class=\"wp-block-button is-style-fill\"><a class=\"wp-block-button__link has-color-1-background-color has-background wp-element-button\" href=\"https:\/\/ine-predmety.ucimesaweby.sk\/ptw\/toth\/shop\/\" style=\"border-style:none;border-width:0px;border-top-left-radius:77px;border-top-right-radius:77px;border-bottom-left-radius:77px;border-bottom-right-radius:77px\"><strong>NAKUPUJTE TERAZ !<\/strong><\/a><\/div>\n<\/div>\n<\/div><\/div><\/div>\n\n\n\n<div style=\"height:100px\" aria-hidden=\"true\" class=\"wp-block-spacer\"><\/div>\n\n\n\n<h3 class=\"wp-block-heading has-text-align-center\">Najob\u013e\u00fabenej\u0161ie produkty !<\/h3>\n\n\n\n<p class=\"has-text-align-center\">V\u00e1\u0161 \u00falovok d\u0148a na dosah ruky. Naj\u017eiadanej\u0161ie karty a sety, ktor\u00e9 si komunita PokeMint zamilovala<\/p>\n\n\n<div data-block-name=\"woocommerce\/product-new\" data-content-visibility=\"{&quot;title&quot;:true,&quot;price&quot;:true,&quot;rating&quot;:false,&quot;button&quot;:true}\" data-rows=\"1\" data-stock-status=\"[&quot;&quot;,&quot;instock&quot;,&quot;outofstock&quot;,&quot;onbackorder&quot;]\" class=\"wc-block-grid wp-block-product-new wp-block-woocommerce-product-new wc-block-product-new has-3-columns\"><ul class=\"wc-block-grid__products\"><li class=\"wc-block-grid__product product-grid \">\n\t\t\t\t<div class=\"loop-image-wrap botiga-add-to-cart-button-layout2 botiga-quick-view-button-layout2\">\n\t\t\t\t\t<a href=\"https:\/\/ine-predmety.ucimesaweby.sk\/ptw\/toth\/produkt\/151-booster-bundle\/\" class=\"wc-block-grid__product-link\" title=\"P\u0159idat do ko\u0161\u00edku\">\n\t\t\t\t\t\t<div class=\"wc-block-grid__product-image\"><img loading=\"lazy\" decoding=\"async\" width=\"420\" height=\"315\" src=\"https:\/\/ine-predmety.ucimesaweby.sk\/ptw\/toth\/wp-content\/uploads\/2026\/04\/image-removebg-preview-54-420x315.png\" class=\"attachment-woocommerce_thumbnail size-woocommerce_thumbnail\" alt=\"151 Booster Bundle\" srcset=\"https:\/\/ine-predmety.ucimesaweby.sk\/ptw\/toth\/wp-content\/uploads\/2026\/04\/image-removebg-preview-54-420x315.png 420w, https:\/\/ine-predmety.ucimesaweby.sk\/ptw\/toth\/wp-content\/uploads\/2026\/04\/image-removebg-preview-54-300x225.png 300w, https:\/\/ine-predmety.ucimesaweby.sk\/ptw\/toth\/wp-content\/uploads\/2026\/04\/image-removebg-preview-54-575x431.png 575w, https:\/\/ine-predmety.ucimesaweby.sk\/ptw\/toth\/wp-content\/uploads\/2026\/04\/image-removebg-preview-54-380x285.png 380w, https:\/\/ine-predmety.ucimesaweby.sk\/ptw\/toth\/wp-content\/uploads\/2026\/04\/image-removebg-preview-54-80x60.png 80w, https:\/\/ine-predmety.ucimesaweby.sk\/ptw\/toth\/wp-content\/uploads\/2026\/04\/image-removebg-preview-54.png 577w\" sizes=\"auto, (max-width: 420px) 100vw, 420px\" \/><\/div>\n\t\t\t\t\t<\/a><span class=\"onsale\">Sale!<\/span>\n\t<a href=\"#\" class=\"button botiga-quick-view-show-on-hover botiga-quick-view botiga-quick-view-layout2\" aria-label=\"Quick view the 151 Booster Bundle product\" data-product-id=\"639\" data-nonce=\"071a8510ed\">\n\t\tQuick View\t<\/a>\n\t<\/div><a href=\"https:\/\/ine-predmety.ucimesaweby.sk\/ptw\/toth\/produkt\/151-booster-bundle\/\" class=\"wc-block-grid__product-link\">\n\t\t\t\t\t<div class=\"wc-block-grid__product-title\">151 Booster Bundle<\/div>\n\t\t\t\t<\/a><div class=\"wc-block-grid__product-price price\"><del aria-hidden=\"true\"><span class=\"woocommerce-Price-amount amount\">225.00&nbsp;<span class=\"woocommerce-Price-currencySymbol\">&euro;<\/span><\/span><\/del> <span class=\"screen-reader-text\">P\u016fvodn\u00ed cena byla: 225.00&nbsp;&euro;.<\/span><ins aria-hidden=\"true\"><span class=\"woocommerce-Price-amount amount\">220.00&nbsp;<span class=\"woocommerce-Price-currencySymbol\">&euro;<\/span><\/span><\/ins><span class=\"screen-reader-text\">Aktu\u00e1ln\u00ed cena je: 220.00&nbsp;&euro;.<\/span><\/div><div class=\"wp-block-button wc-block-grid__product-add-to-cart\"><div class=\"loop-button-wrap button-width-auto button-layout2 \"><a href=\"\/ptw\/toth\/wp-json\/wp\/v2\/pages\/362?add-to-cart=639\" aria-label=\"P\u0159idat do ko\u0161\u00edku: &ldquo;151 Booster Bundle&rdquo;\" data-quantity=\"1\" data-product_id=\"639\" data-product_sku=\"8\" rel=\"nofollow\" class=\"button wp-block-button__link add_to_cart_button ajax_add_to_cart\">P\u0159idat do ko\u0161\u00edku<\/a><\/div><\/div><\/li><li class=\"wc-block-grid__product product-grid \">\n\t\t\t\t<div class=\"loop-image-wrap botiga-add-to-cart-button-layout2 botiga-quick-view-button-layout2\">\n\t\t\t\t\t<a href=\"https:\/\/ine-predmety.ucimesaweby.sk\/ptw\/toth\/produkt\/pokemon-tcg-white-flare-elite-trainer-box\/\" class=\"wc-block-grid__product-link\" title=\"P\u0159idat do ko\u0161\u00edku\">\n\t\t\t\t\t\t<div class=\"wc-block-grid__product-image\"><img loading=\"lazy\" decoding=\"async\" width=\"420\" height=\"420\" src=\"https:\/\/ine-predmety.ucimesaweby.sk\/ptw\/toth\/wp-content\/uploads\/2026\/04\/image-removebg-preview-52-420x420.png\" class=\"attachment-woocommerce_thumbnail size-woocommerce_thumbnail\" alt=\"Pok\u00e9mon TCG - White Flare - Elite Trainer Box\" srcset=\"https:\/\/ine-predmety.ucimesaweby.sk\/ptw\/toth\/wp-content\/uploads\/2026\/04\/image-removebg-preview-52-420x420.png 420w, https:\/\/ine-predmety.ucimesaweby.sk\/ptw\/toth\/wp-content\/uploads\/2026\/04\/image-removebg-preview-52-300x300.png 300w, https:\/\/ine-predmety.ucimesaweby.sk\/ptw\/toth\/wp-content\/uploads\/2026\/04\/image-removebg-preview-52-150x150.png 150w, https:\/\/ine-predmety.ucimesaweby.sk\/ptw\/toth\/wp-content\/uploads\/2026\/04\/image-removebg-preview-52-380x380.png 380w, https:\/\/ine-predmety.ucimesaweby.sk\/ptw\/toth\/wp-content\/uploads\/2026\/04\/image-removebg-preview-52-100x100.png 100w, https:\/\/ine-predmety.ucimesaweby.sk\/ptw\/toth\/wp-content\/uploads\/2026\/04\/image-removebg-preview-52-80x80.png 80w, https:\/\/ine-predmety.ucimesaweby.sk\/ptw\/toth\/wp-content\/uploads\/2026\/04\/image-removebg-preview-52.png 500w\" sizes=\"auto, (max-width: 420px) 100vw, 420px\" \/><\/div>\n\t\t\t\t\t<\/a>\n\t<a href=\"#\" class=\"button botiga-quick-view-show-on-hover botiga-quick-view botiga-quick-view-layout2\" aria-label=\"Quick view the Pok\u00e9mon TCG &#8211; White Flare &#8211; Elite Trainer Box product\" data-product-id=\"636\" data-nonce=\"071a8510ed\">\n\t\tQuick View\t<\/a>\n\t<\/div><a href=\"https:\/\/ine-predmety.ucimesaweby.sk\/ptw\/toth\/produkt\/pokemon-tcg-white-flare-elite-trainer-box\/\" class=\"wc-block-grid__product-link\">\n\t\t\t\t\t<div class=\"wc-block-grid__product-title\">Pok\u00e9mon TCG &#8211; White Flare &#8211; Elite Trainer Box<\/div>\n\t\t\t\t<\/a><div class=\"wc-block-grid__product-price price\"><span class=\"woocommerce-Price-amount amount\">145.00&nbsp;<span class=\"woocommerce-Price-currencySymbol\">&euro;<\/span><\/span><\/div><div class=\"wp-block-button wc-block-grid__product-add-to-cart\"><div class=\"loop-button-wrap button-width-auto button-layout2 \"><a href=\"\/ptw\/toth\/wp-json\/wp\/v2\/pages\/362?add-to-cart=636\" aria-label=\"P\u0159idat do ko\u0161\u00edku: &ldquo;Pok\u00e9mon TCG - White Flare - Elite Trainer Box&rdquo;\" data-quantity=\"1\" data-product_id=\"636\" data-product_sku=\"13\" rel=\"nofollow\" class=\"button wp-block-button__link add_to_cart_button ajax_add_to_cart\">P\u0159idat do ko\u0161\u00edku<\/a><\/div><\/div><\/li><li class=\"wc-block-grid__product product-grid \">\n\t\t\t\t<div class=\"loop-image-wrap botiga-add-to-cart-button-layout2 botiga-quick-view-button-layout2\">\n\t\t\t\t\t<a href=\"https:\/\/ine-predmety.ucimesaweby.sk\/ptw\/toth\/produkt\/prismatic-evolutions-etb\/\" class=\"wc-block-grid__product-link\" title=\"P\u0159idat do ko\u0161\u00edku\">\n\t\t\t\t\t\t<div class=\"wc-block-grid__product-image\"><img loading=\"lazy\" decoding=\"async\" width=\"420\" height=\"420\" src=\"https:\/\/ine-predmety.ucimesaweby.sk\/ptw\/toth\/wp-content\/uploads\/2026\/04\/image-removebg-preview-50-420x420.png\" class=\"attachment-woocommerce_thumbnail size-woocommerce_thumbnail\" alt=\"Prismatic Evolutions - ETB\" srcset=\"https:\/\/ine-predmety.ucimesaweby.sk\/ptw\/toth\/wp-content\/uploads\/2026\/04\/image-removebg-preview-50-420x420.png 420w, https:\/\/ine-predmety.ucimesaweby.sk\/ptw\/toth\/wp-content\/uploads\/2026\/04\/image-removebg-preview-50-300x300.png 300w, https:\/\/ine-predmety.ucimesaweby.sk\/ptw\/toth\/wp-content\/uploads\/2026\/04\/image-removebg-preview-50-150x150.png 150w, https:\/\/ine-predmety.ucimesaweby.sk\/ptw\/toth\/wp-content\/uploads\/2026\/04\/image-removebg-preview-50-380x380.png 380w, https:\/\/ine-predmety.ucimesaweby.sk\/ptw\/toth\/wp-content\/uploads\/2026\/04\/image-removebg-preview-50-100x100.png 100w, https:\/\/ine-predmety.ucimesaweby.sk\/ptw\/toth\/wp-content\/uploads\/2026\/04\/image-removebg-preview-50-80x80.png 80w, https:\/\/ine-predmety.ucimesaweby.sk\/ptw\/toth\/wp-content\/uploads\/2026\/04\/image-removebg-preview-50.png 500w\" sizes=\"auto, (max-width: 420px) 100vw, 420px\" \/><\/div>\n\t\t\t\t\t<\/a>\n\t<a href=\"#\" class=\"button botiga-quick-view-show-on-hover botiga-quick-view botiga-quick-view-layout2\" aria-label=\"Quick view the Prismatic Evolutions &#8211; ETB product\" data-product-id=\"552\" data-nonce=\"071a8510ed\">\n\t\tQuick View\t<\/a>\n\t<\/div><a href=\"https:\/\/ine-predmety.ucimesaweby.sk\/ptw\/toth\/produkt\/prismatic-evolutions-etb\/\" class=\"wc-block-grid__product-link\">\n\t\t\t\t\t<div class=\"wc-block-grid__product-title\">Prismatic Evolutions &#8211; ETB<\/div>\n\t\t\t\t<\/a><div class=\"wc-block-grid__product-price price\"><span class=\"woocommerce-Price-amount amount\">235.00&nbsp;<span class=\"woocommerce-Price-currencySymbol\">&euro;<\/span><\/span><\/div><div class=\"wp-block-button wc-block-grid__product-add-to-cart\"><div class=\"loop-button-wrap button-width-auto button-layout2 \"><a href=\"\/ptw\/toth\/wp-json\/wp\/v2\/pages\/362?add-to-cart=552\" aria-label=\"P\u0159idat do ko\u0161\u00edku: &ldquo;Prismatic Evolutions - ETB&rdquo;\" data-quantity=\"1\" data-product_id=\"552\" data-product_sku=\"\" rel=\"nofollow\" class=\"button wp-block-button__link add_to_cart_button ajax_add_to_cart\">P\u0159idat do ko\u0161\u00edku<\/a><\/div><\/div><\/li><\/ul><\/div>\n\n\n<div style=\"height:100px\" aria-hidden=\"true\" class=\"wp-block-spacer\"><\/div>\n\n\n\n<h3 class=\"wp-block-heading has-text-align-center\">Vybran\u00e9 kateg\u00f3rie<\/h3>\n\n\n\n<p class=\"has-text-align-center\">Give your customers insight into your product collection. Select imagery and name that relates to the product category.<\/p>\n\n\n\n<div class=\"wp-block-columns is-layout-flex wp-container-core-columns-is-layout-28f84493 wp-block-columns-is-layout-flex\">\n<div class=\"wp-block-column is-layout-flow wp-block-column-is-layout-flow\">\n<figure class=\"wp-block-gallery aligncenter has-nested-images columns-default is-cropped wp-block-gallery-1 is-layout-flex wp-block-gallery-is-layout-flex\">\n<figure class=\"wp-block-image size-large is-style-rounded\"><a href=\"https:\/\/ine-predmety.ucimesaweby.sk\/ptw\/toth\/kategorie-produktu\/30th-anniversary\/\"><img loading=\"lazy\" decoding=\"async\" width=\"1024\" height=\"576\" data-id=\"498\" src=\"https:\/\/ine-predmety.ucimesaweby.sk\/ptw\/toth\/wp-content\/uploads\/2026\/04\/pokemon-30th-1-1024x576.jpg\" alt=\"\" class=\"wp-image-498\" srcset=\"https:\/\/ine-predmety.ucimesaweby.sk\/ptw\/toth\/wp-content\/uploads\/2026\/04\/pokemon-30th-1-1024x576.jpg 1024w, https:\/\/ine-predmety.ucimesaweby.sk\/ptw\/toth\/wp-content\/uploads\/2026\/04\/pokemon-30th-1-300x169.jpg 300w, https:\/\/ine-predmety.ucimesaweby.sk\/ptw\/toth\/wp-content\/uploads\/2026\/04\/pokemon-30th-1-768x432.jpg 768w, https:\/\/ine-predmety.ucimesaweby.sk\/ptw\/toth\/wp-content\/uploads\/2026\/04\/pokemon-30th-1-1536x864.jpg 1536w, https:\/\/ine-predmety.ucimesaweby.sk\/ptw\/toth\/wp-content\/uploads\/2026\/04\/pokemon-30th-1-1140x641.jpg 1140w, https:\/\/ine-predmety.ucimesaweby.sk\/ptw\/toth\/wp-content\/uploads\/2026\/04\/pokemon-30th-1-920x518.jpg 920w, https:\/\/ine-predmety.ucimesaweby.sk\/ptw\/toth\/wp-content\/uploads\/2026\/04\/pokemon-30th-1-575x323.jpg 575w, https:\/\/ine-predmety.ucimesaweby.sk\/ptw\/toth\/wp-content\/uploads\/2026\/04\/pokemon-30th-1-380x214.jpg 380w, https:\/\/ine-predmety.ucimesaweby.sk\/ptw\/toth\/wp-content\/uploads\/2026\/04\/pokemon-30th-1-420x236.jpg 420w, https:\/\/ine-predmety.ucimesaweby.sk\/ptw\/toth\/wp-content\/uploads\/2026\/04\/pokemon-30th-1-800x450.jpg 800w, https:\/\/ine-predmety.ucimesaweby.sk\/ptw\/toth\/wp-content\/uploads\/2026\/04\/pokemon-30th-1.avif 1600w\" sizes=\"auto, (max-width: 1024px) 100vw, 1024px\" \/><\/a><\/figure>\n<\/figure>\n\n\n\n<p class=\"has-text-align-center\"><strong>30th Anniversary<\/strong><\/p>\n<\/div>\n\n\n\n<div class=\"wp-block-column is-layout-flow wp-block-column-is-layout-flow\">\n<figure class=\"wp-block-gallery has-nested-images columns-default is-cropped wp-block-gallery-2 is-layout-flex wp-block-gallery-is-layout-flex\">\n<figure class=\"wp-block-image\"><a href=\"https:\/\/ine-predmety.ucimesaweby.sk\/ptw\/toth\/kategorie-produktu\/mega-evolution\/\"><img decoding=\"async\" src=\"https:\/\/vinticards.be\/wp-content\/uploads\/sites\/8\/2025\/10\/me01_logo_169_en.webp\" alt=\"Pok\u00e9mon Mega Evolution: The ultimate guide\"\/><\/a><\/figure>\n<\/figure>\n\n\n\n<p class=\"has-text-align-center\"><strong>MegaEvolution<\/strong><\/p>\n<\/div>\n\n\n\n<div class=\"wp-block-column is-layout-flow wp-block-column-is-layout-flow\"><div class=\"wp-block-image\">\n<figure class=\"aligncenter size-full\"><img loading=\"lazy\" decoding=\"async\" width=\"500\" height=\"280\" src=\"https:\/\/ine-predmety.ucimesaweby.sk\/ptw\/toth\/wp-content\/uploads\/2026\/04\/image-removebg-preview-30.png\" alt=\"\" class=\"wp-image-499\" srcset=\"https:\/\/ine-predmety.ucimesaweby.sk\/ptw\/toth\/wp-content\/uploads\/2026\/04\/image-removebg-preview-30.png 500w, https:\/\/ine-predmety.ucimesaweby.sk\/ptw\/toth\/wp-content\/uploads\/2026\/04\/image-removebg-preview-30-300x168.png 300w, https:\/\/ine-predmety.ucimesaweby.sk\/ptw\/toth\/wp-content\/uploads\/2026\/04\/image-removebg-preview-30-380x213.png 380w, https:\/\/ine-predmety.ucimesaweby.sk\/ptw\/toth\/wp-content\/uploads\/2026\/04\/image-removebg-preview-30-420x235.png 420w\" sizes=\"auto, (max-width: 500px) 100vw, 500px\" \/><\/figure>\n<\/div>\n\n\n<p class=\"has-text-align-center\"><strong>Japonsk\u00e9 karty<\/strong><\/p>\n<\/div>\n\n\n\n<div class=\"wp-block-column is-layout-flow wp-block-column-is-layout-flow\"><div class=\"wp-block-image\">\n<figure class=\"aligncenter size-full\"><img loading=\"lazy\" decoding=\"async\" width=\"641\" height=\"389\" src=\"https:\/\/ine-predmety.ucimesaweby.sk\/ptw\/toth\/wp-content\/uploads\/2026\/04\/image-removebg-preview-31.png\" alt=\"\" class=\"wp-image-500\" srcset=\"https:\/\/ine-predmety.ucimesaweby.sk\/ptw\/toth\/wp-content\/uploads\/2026\/04\/image-removebg-preview-31.png 641w, https:\/\/ine-predmety.ucimesaweby.sk\/ptw\/toth\/wp-content\/uploads\/2026\/04\/image-removebg-preview-31-300x182.png 300w, https:\/\/ine-predmety.ucimesaweby.sk\/ptw\/toth\/wp-content\/uploads\/2026\/04\/image-removebg-preview-31-575x349.png 575w, https:\/\/ine-predmety.ucimesaweby.sk\/ptw\/toth\/wp-content\/uploads\/2026\/04\/image-removebg-preview-31-380x231.png 380w, https:\/\/ine-predmety.ucimesaweby.sk\/ptw\/toth\/wp-content\/uploads\/2026\/04\/image-removebg-preview-31-420x255.png 420w\" sizes=\"auto, (max-width: 641px) 100vw, 641px\" \/><\/figure>\n<\/div>\n\n\n<p class=\"has-text-align-center\"><strong>\u010c\u00ednske karty<\/strong><\/p>\n<\/div>\n<\/div>\n\n\n\n<div style=\"height:90px\" aria-hidden=\"true\" class=\"wp-block-spacer\"><\/div>\n","protected":false},"excerpt":{"rendered":"<p>Najob\u013e\u00fabenej\u0161ie produkty ! V\u00e1\u0161 \u00falovok d\u0148a na dosah ruky. Naj\u017eiadanej\u0161ie karty a sety, ktor\u00e9 si komunita PokeMint zamilovala Vybran\u00e9 kateg\u00f3rie Give your customers insight into your product collection. Select imagery [&hellip;]<\/p>\n","protected":false},"author":1,"featured_media":0,"parent":0,"menu_order":0,"comment_status":"closed","ping_status":"closed","template":"","meta":{"footnotes":""},"class_list":["post-362","page","type-page","status-publish","hentry"],"aioseo_notices":[],"_links":{"self":[{"href":"https:\/\/ine-predmety.ucimesaweby.sk\/ptw\/toth\/wp-json\/wp\/v2\/pages\/362","targetHints":{"allow":["GET"]}}],"collection":[{"href":"https:\/\/ine-predmety.ucimesaweby.sk\/ptw\/toth\/wp-json\/wp\/v2\/pages"}],"about":[{"href":"https:\/\/ine-predmety.ucimesaweby.sk\/ptw\/toth\/wp-json\/wp\/v2\/types\/page"}],"author":[{"embeddable":true,"href":"https:\/\/ine-predmety.ucimesaweby.sk\/ptw\/toth\/wp-json\/wp\/v2\/users\/1"}],"replies":[{"embeddable":true,"href":"https:\/\/ine-predmety.ucimesaweby.sk\/ptw\/toth\/wp-json\/wp\/v2\/comments?post=362"}],"version-history":[{"count":10,"href":"https:\/\/ine-predmety.ucimesaweby.sk\/ptw\/toth\/wp-json\/wp\/v2\/pages\/362\/revisions"}],"predecessor-version":[{"id":635,"href":"https:\/\/ine-predmety.ucimesaweby.sk\/ptw\/toth\/wp-json\/wp\/v2\/pages\/362\/revisions\/635"}],"wp:attachment":[{"href":"https:\/\/ine-predmety.ucimesaweby.sk\/ptw\/toth\/wp-json\/wp\/v2\/media?parent=362"}],"curies":[{"name":"wp","href":"https:\/\/api.w.org\/{rel}","templated":true}]}}