{"id":28,"date":"2026-03-17T13:41:25","date_gmt":"2026-03-17T12:41:25","guid":{"rendered":"https:\/\/ine-predmety.ucimesaweby.sk\/ptw\/mesikova\/kosik\/"},"modified":"2026-03-17T13:41:25","modified_gmt":"2026-03-17T12:41:25","slug":"kosik","status":"publish","type":"page","link":"https:\/\/ine-predmety.ucimesaweby.sk\/ptw\/mesikova\/kosik\/","title":{"rendered":"Ko\u0161\u00edk"},"content":{"rendered":"\n<div data-block-name=\"woocommerce\/cart\" class=\"wp-block-woocommerce-cart alignwide is-loading\">\n<div data-block-name=\"woocommerce\/filled-cart-block\" class=\"wp-block-woocommerce-filled-cart-block\">\n<div data-block-name=\"woocommerce\/cart-items-block\" class=\"wp-block-woocommerce-cart-items-block\">\n<div data-block-name=\"woocommerce\/cart-line-items-block\" class=\"wp-block-woocommerce-cart-line-items-block\"><\/div>\n\n\n<\/div>\n\n\n\n\n<div data-block-name=\"woocommerce\/cart-totals-block\" class=\"wp-block-woocommerce-cart-totals-block\">\n<div data-block-name=\"woocommerce\/cart-order-summary-block\" class=\"wp-block-woocommerce-cart-order-summary-block\">\n<div data-block-name=\"woocommerce\/cart-order-summary-heading-block\" class=\"wp-block-woocommerce-cart-order-summary-heading-block\"><\/div><div data-block-name=\"woocommerce\/cart-order-summary-coupon-form-block\" class=\"wp-block-woocommerce-cart-order-summary-coupon-form-block\"><\/div><div data-block-name=\"woocommerce\/cart-order-summary-totals-block\" class=\"wp-block-woocommerce-cart-order-summary-totals-block\">\n<div data-block-name=\"woocommerce\/cart-order-summary-subtotal-block\" class=\"wp-block-woocommerce-cart-order-summary-subtotal-block\"><\/div>\n<div data-block-name=\"woocommerce\/cart-order-summary-discount-block\" class=\"wp-block-woocommerce-cart-order-summary-discount-block\"><\/div>\n<div data-block-name=\"woocommerce\/cart-order-summary-fee-block\" class=\"wp-block-woocommerce-cart-order-summary-fee-block\"><\/div>\n<div data-block-name=\"woocommerce\/cart-order-summary-shipping-block\" class=\"wp-block-woocommerce-cart-order-summary-shipping-block\"><\/div>\n<div data-block-name=\"woocommerce\/cart-order-summary-taxes-block\" class=\"wp-block-woocommerce-cart-order-summary-taxes-block\"><\/div><\/div>\n<\/div>\n\n\n\n<div data-block-name=\"woocommerce\/cart-express-payment-block\" class=\"wp-block-woocommerce-cart-express-payment-block\"><\/div>\n\n\n\n<div data-block-name=\"woocommerce\/proceed-to-checkout-block\" class=\"wp-block-woocommerce-proceed-to-checkout-block\"><\/div>\n\n\n\n<div data-block-name=\"woocommerce\/cart-accepted-payment-methods-block\" class=\"wp-block-woocommerce-cart-accepted-payment-methods-block\"><\/div>\n<\/div>\n<\/div>\n\n\n\n<div data-block-name=\"woocommerce\/empty-cart-block\" class=\"wp-block-woocommerce-empty-cart-block\">\n<h2 class=\"wp-block-heading has-text-align-center with-empty-cart-icon wc-block-cart__empty-cart__title\">V\u00e1\u0161 ko\u0161\u00edk je moment\u00e1lne pr\u00e1zdny!<\/h2>\n\n\n\n<hr class=\"wp-block-separator has-alpha-channel-opacity is-style-dots\"\/>\n\n\n\n<h2 class=\"wp-block-heading has-text-align-center\">Novinky v obchode<\/h2>\n\n\n<div data-block-name=\"woocommerce\/product-new\" data-columns=\"4\" data-rows=\"1\" class=\"wc-block-grid wp-block-product-new wp-block-woocommerce-product-new wc-block-product-new has-4-columns\"><ul class=\"wc-block-grid__products\"><li class=\"wc-block-grid__product\">\n\t\t\t\t<a href=\"https:\/\/ine-predmety.ucimesaweby.sk\/ptw\/mesikova\/produkt\/konnakol-swimming-through-seas-color-vinyl\/\" class=\"wc-block-grid__product-link\">\n\t\t\t\t\t\n\t\t\t\t\t<div class=\"wc-block-grid__product-image\"><img fetchpriority=\"high\" decoding=\"async\" width=\"300\" height=\"300\" src=\"https:\/\/ine-predmety.ucimesaweby.sk\/ptw\/mesikova\/wp-content\/uploads\/2026\/03\/Snimka-obrazovky-2026-03-17-133236-300x300.png\" class=\"attachment-woocommerce_thumbnail size-woocommerce_thumbnail\" alt=\"KONNAKOL SWIMMING THROUGH SEAS COLOR VINYL\" srcset=\"https:\/\/ine-predmety.ucimesaweby.sk\/ptw\/mesikova\/wp-content\/uploads\/2026\/03\/Snimka-obrazovky-2026-03-17-133236-300x300.png 300w, https:\/\/ine-predmety.ucimesaweby.sk\/ptw\/mesikova\/wp-content\/uploads\/2026\/03\/Snimka-obrazovky-2026-03-17-133236-100x100.png 100w, https:\/\/ine-predmety.ucimesaweby.sk\/ptw\/mesikova\/wp-content\/uploads\/2026\/03\/Snimka-obrazovky-2026-03-17-133236-150x150.png 150w\" sizes=\"(max-width: 300px) 100vw, 300px\" \/><\/div>\n\t\t\t\t\t<div class=\"wc-block-grid__product-title\">KONNAKOL SWIMMING THROUGH SEAS COLOR VINYL<\/div>\n\t\t\t\t<\/a>\n\t\t\t\t<div class=\"wc-block-grid__product-price price\"><span class=\"woocommerce-Price-amount amount\">29,99&nbsp;<span class=\"woocommerce-Price-currencySymbol\">&euro;<\/span><\/span><\/div>\n\t\t\t\t\n\t\t\t\t<div class=\"wp-block-button wc-block-grid__product-add-to-cart\"><a href=\"\/ptw\/mesikova\/wp-json\/wp\/v2\/pages\/28?add-to-cart=59\" aria-label=\"Prida\u0165 do ko\u0161\u00edka: \u201eKONNAKOL SWIMMING THROUGH SEAS COLOR VINYL\u201c\" data-quantity=\"1\" data-product_id=\"59\" data-product_sku=\"\" data-price=\"29.99\" rel=\"nofollow\" class=\"wp-block-button__link  add_to_cart_button ajax_add_to_cart\">Prida\u0165 do ko\u0161\u00edka<\/a><\/div>\n\t\t\t<\/li><li class=\"wc-block-grid__product\">\n\t\t\t\t<a href=\"https:\/\/ine-predmety.ucimesaweby.sk\/ptw\/mesikova\/produkt\/grateful-baby-tee\/\" class=\"wc-block-grid__product-link\">\n\t\t\t\t\t\n\t\t\t\t\t<div class=\"wc-block-grid__product-image\"><img decoding=\"async\" width=\"300\" height=\"300\" src=\"https:\/\/ine-predmety.ucimesaweby.sk\/ptw\/mesikova\/wp-content\/uploads\/2026\/03\/Snimka-obrazovky-2026-03-17-133545-300x300.png\" class=\"attachment-woocommerce_thumbnail size-woocommerce_thumbnail\" alt=\"GRATEFUL BABY TEE\" srcset=\"https:\/\/ine-predmety.ucimesaweby.sk\/ptw\/mesikova\/wp-content\/uploads\/2026\/03\/Snimka-obrazovky-2026-03-17-133545-300x300.png 300w, https:\/\/ine-predmety.ucimesaweby.sk\/ptw\/mesikova\/wp-content\/uploads\/2026\/03\/Snimka-obrazovky-2026-03-17-133545-100x100.png 100w, https:\/\/ine-predmety.ucimesaweby.sk\/ptw\/mesikova\/wp-content\/uploads\/2026\/03\/Snimka-obrazovky-2026-03-17-133545-150x150.png 150w\" sizes=\"(max-width: 300px) 100vw, 300px\" \/><\/div>\n\t\t\t\t\t<div class=\"wc-block-grid__product-title\">GRATEFUL BABY TEE<\/div>\n\t\t\t\t<\/a>\n\t\t\t\t<div class=\"wc-block-grid__product-price price\"><span class=\"woocommerce-Price-amount amount\">35,00&nbsp;<span class=\"woocommerce-Price-currencySymbol\">&euro;<\/span><\/span><\/div>\n\t\t\t\t\n\t\t\t\t<div class=\"wp-block-button wc-block-grid__product-add-to-cart\"><a href=\"https:\/\/ine-predmety.ucimesaweby.sk\/ptw\/mesikova\/produkt\/grateful-baby-tee\/\" aria-label=\"V\u00fdber nastaven\u00ed pre &ldquo;GRATEFUL BABY TEE&rdquo;\" data-quantity=\"1\" data-product_id=\"51\" data-product_sku=\"\" data-price=\"35\" rel=\"nofollow\" class=\"wp-block-button__link  add_to_cart_button\">V\u00fdber mo\u017enost\u00ed<\/a><\/div>\n\t\t\t<\/li><li class=\"wc-block-grid__product\">\n\t\t\t\t<a href=\"https:\/\/ine-predmety.ucimesaweby.sk\/ptw\/mesikova\/produkt\/zayn-airbrush-pink-las-vegas-hoodie\/\" class=\"wc-block-grid__product-link\">\n\t\t\t\t\t\n\t\t\t\t\t<div class=\"wc-block-grid__product-image\"><img decoding=\"async\" width=\"300\" height=\"300\" src=\"https:\/\/ine-predmety.ucimesaweby.sk\/ptw\/mesikova\/wp-content\/uploads\/2026\/03\/Snimka-obrazovky-2026-03-17-133453-300x300.png\" class=\"attachment-woocommerce_thumbnail size-woocommerce_thumbnail\" alt=\"ZAYN AIRBRUSH PINK LAS VEGAS HOODIE\" srcset=\"https:\/\/ine-predmety.ucimesaweby.sk\/ptw\/mesikova\/wp-content\/uploads\/2026\/03\/Snimka-obrazovky-2026-03-17-133453-300x300.png 300w, https:\/\/ine-predmety.ucimesaweby.sk\/ptw\/mesikova\/wp-content\/uploads\/2026\/03\/Snimka-obrazovky-2026-03-17-133453-100x100.png 100w, https:\/\/ine-predmety.ucimesaweby.sk\/ptw\/mesikova\/wp-content\/uploads\/2026\/03\/Snimka-obrazovky-2026-03-17-133453-150x150.png 150w\" sizes=\"(max-width: 300px) 100vw, 300px\" \/><\/div>\n\t\t\t\t\t<div class=\"wc-block-grid__product-title\">ZAYN AIRBRUSH PINK LAS VEGAS HOODIE<\/div>\n\t\t\t\t<\/a>\n\t\t\t\t<div class=\"wc-block-grid__product-price price\"><span class=\"woocommerce-Price-amount amount\">125,00&nbsp;<span class=\"woocommerce-Price-currencySymbol\">&euro;<\/span><\/span><\/div>\n\t\t\t\t\n\t\t\t\t<div class=\"wp-block-button wc-block-grid__product-add-to-cart\"><a href=\"https:\/\/ine-predmety.ucimesaweby.sk\/ptw\/mesikova\/produkt\/zayn-airbrush-pink-las-vegas-hoodie\/\" aria-label=\"V\u00fdber nastaven\u00ed pre &ldquo;ZAYN AIRBRUSH PINK LAS VEGAS HOODIE&rdquo;\" data-quantity=\"1\" data-product_id=\"44\" data-product_sku=\"\" data-price=\"125\" rel=\"nofollow\" class=\"wp-block-button__link  add_to_cart_button\">V\u00fdber mo\u017enost\u00ed<\/a><\/div>\n\t\t\t<\/li><li class=\"wc-block-grid__product\">\n\t\t\t\t<a href=\"https:\/\/ine-predmety.ucimesaweby.sk\/ptw\/mesikova\/produkt\/vegas-kisses-hoodie\/\" class=\"wc-block-grid__product-link\">\n\t\t\t\t\t\n\t\t\t\t\t<div class=\"wc-block-grid__product-image\"><img loading=\"lazy\" decoding=\"async\" width=\"300\" height=\"300\" src=\"https:\/\/ine-predmety.ucimesaweby.sk\/ptw\/mesikova\/wp-content\/uploads\/2026\/03\/Snimka-obrazovky-2026-03-17-133520-300x300.png\" class=\"attachment-woocommerce_thumbnail size-woocommerce_thumbnail\" alt=\"Vegas Kisses Hoodie\" srcset=\"https:\/\/ine-predmety.ucimesaweby.sk\/ptw\/mesikova\/wp-content\/uploads\/2026\/03\/Snimka-obrazovky-2026-03-17-133520-300x300.png 300w, https:\/\/ine-predmety.ucimesaweby.sk\/ptw\/mesikova\/wp-content\/uploads\/2026\/03\/Snimka-obrazovky-2026-03-17-133520-100x100.png 100w, https:\/\/ine-predmety.ucimesaweby.sk\/ptw\/mesikova\/wp-content\/uploads\/2026\/03\/Snimka-obrazovky-2026-03-17-133520-150x150.png 150w\" sizes=\"(max-width: 300px) 100vw, 300px\" \/><\/div>\n\t\t\t\t\t<div class=\"wc-block-grid__product-title\">Vegas Kisses Hoodie<\/div>\n\t\t\t\t<\/a>\n\t\t\t\t<div class=\"wc-block-grid__product-price price\"><span class=\"woocommerce-Price-amount amount\">100,00&nbsp;<span class=\"woocommerce-Price-currencySymbol\">&euro;<\/span><\/span><\/div>\n\t\t\t\t\n\t\t\t\t<div class=\"wp-block-button wc-block-grid__product-add-to-cart\"><a href=\"https:\/\/ine-predmety.ucimesaweby.sk\/ptw\/mesikova\/produkt\/vegas-kisses-hoodie\/\" aria-label=\"V\u00fdber nastaven\u00ed pre &ldquo;Vegas Kisses Hoodie&rdquo;\" data-quantity=\"1\" data-product_id=\"35\" data-product_sku=\"\" data-price=\"100\" rel=\"nofollow\" class=\"wp-block-button__link  add_to_cart_button\">V\u00fdber mo\u017enost\u00ed<\/a><\/div>\n\t\t\t<\/li><\/ul><\/div><\/div>\n<\/div>\n","protected":false},"excerpt":{"rendered":"","protected":false},"author":1,"featured_media":0,"parent":0,"menu_order":0,"comment_status":"closed","ping_status":"closed","template":"","meta":{"footnotes":""},"class_list":["post-28","page","type-page","status-publish","hentry"],"_links":{"self":[{"href":"https:\/\/ine-predmety.ucimesaweby.sk\/ptw\/mesikova\/wp-json\/wp\/v2\/pages\/28","targetHints":{"allow":["GET"]}}],"collection":[{"href":"https:\/\/ine-predmety.ucimesaweby.sk\/ptw\/mesikova\/wp-json\/wp\/v2\/pages"}],"about":[{"href":"https:\/\/ine-predmety.ucimesaweby.sk\/ptw\/mesikova\/wp-json\/wp\/v2\/types\/page"}],"author":[{"embeddable":true,"href":"https:\/\/ine-predmety.ucimesaweby.sk\/ptw\/mesikova\/wp-json\/wp\/v2\/users\/1"}],"replies":[{"embeddable":true,"href":"https:\/\/ine-predmety.ucimesaweby.sk\/ptw\/mesikova\/wp-json\/wp\/v2\/comments?post=28"}],"version-history":[{"count":0,"href":"https:\/\/ine-predmety.ucimesaweby.sk\/ptw\/mesikova\/wp-json\/wp\/v2\/pages\/28\/revisions"}],"wp:attachment":[{"href":"https:\/\/ine-predmety.ucimesaweby.sk\/ptw\/mesikova\/wp-json\/wp\/v2\/media?parent=28"}],"curies":[{"name":"wp","href":"https:\/\/api.w.org\/{rel}","templated":true}]}}