{"id":150,"date":"2026-04-30T12:00:08","date_gmt":"2026-04-30T10:00:08","guid":{"rendered":"https:\/\/ine-predmety.ucimesaweby.sk\/ptw\/eshop-vorcak\/?post_type=product&#038;p=150"},"modified":"2026-04-30T12:00:08","modified_gmt":"2026-04-30T10:00:08","slug":"apple-watch-s11-light-sport-band","status":"publish","type":"product","link":"https:\/\/ine-predmety.ucimesaweby.sk\/ptw\/eshop-vorcak\/produkt\/apple-watch-s11-light-sport-band\/","title":{"rendered":"Apple Watch S11 Light Sport Band"},"content":{"rendered":"<p>Apple Watch S11 42 mm Sport Band Light Blush \u2013 modern\u00e9 smart hodinky s \u013eahk\u00fdm a pohodln\u00fdm \u0161portov\u00fdm remienkom. Pon\u00fakaj\u00fa presn\u00e9 meranie aktivity, sledovanie zdravia a plynul\u00e9 pou\u017e\u00edvanie v jemnom ru\u017eovom preveden\u00ed, ide\u00e1lne na ka\u017ed\u00fd de\u0148 aj \u0161port.<\/p>\n","protected":false},"excerpt":{"rendered":"<p>Apple Watch S11 42 mm Sport Band Light Blush \u2013 modern\u00e9 smart hodinky s \u013eahk\u00fdm a pohodln\u00fdm \u0161portov\u00fdm remienkom. Pon\u00fakaj\u00fa presn\u00e9 meranie aktivity, sledovanie zdravia a plynul\u00e9 pou\u017e\u00edvanie v jemnom ru\u017eovom preveden\u00ed, ide\u00e1lne na ka\u017ed\u00fd de\u0148 aj \u0161port.<\/p>\n","protected":false},"featured_media":151,"comment_status":"open","ping_status":"closed","template":"","meta":[],"product_brand":[],"product_cat":[20],"product_tag":[],"class_list":{"0":"post-150","1":"product","2":"type-product","3":"status-publish","4":"has-post-thumbnail","6":"product_cat-hodinky","8":"first","9":"instock","10":"taxable","11":"shipping-taxable","12":"purchasable","13":"product-type-simple"},"jetpack_sharing_enabled":true,"_links":{"self":[{"href":"https:\/\/ine-predmety.ucimesaweby.sk\/ptw\/eshop-vorcak\/wp-json\/wp\/v2\/product\/150","targetHints":{"allow":["GET"]}}],"collection":[{"href":"https:\/\/ine-predmety.ucimesaweby.sk\/ptw\/eshop-vorcak\/wp-json\/wp\/v2\/product"}],"about":[{"href":"https:\/\/ine-predmety.ucimesaweby.sk\/ptw\/eshop-vorcak\/wp-json\/wp\/v2\/types\/product"}],"replies":[{"embeddable":true,"href":"https:\/\/ine-predmety.ucimesaweby.sk\/ptw\/eshop-vorcak\/wp-json\/wp\/v2\/comments?post=150"}],"wp:featuredmedia":[{"embeddable":true,"href":"https:\/\/ine-predmety.ucimesaweby.sk\/ptw\/eshop-vorcak\/wp-json\/wp\/v2\/media\/151"}],"wp:attachment":[{"href":"https:\/\/ine-predmety.ucimesaweby.sk\/ptw\/eshop-vorcak\/wp-json\/wp\/v2\/media?parent=150"}],"wp:term":[{"taxonomy":"product_brand","embeddable":true,"href":"https:\/\/ine-predmety.ucimesaweby.sk\/ptw\/eshop-vorcak\/wp-json\/wp\/v2\/product_brand?post=150"},{"taxonomy":"product_cat","embeddable":true,"href":"https:\/\/ine-predmety.ucimesaweby.sk\/ptw\/eshop-vorcak\/wp-json\/wp\/v2\/product_cat?post=150"},{"taxonomy":"product_tag","embeddable":true,"href":"https:\/\/ine-predmety.ucimesaweby.sk\/ptw\/eshop-vorcak\/wp-json\/wp\/v2\/product_tag?post=150"}],"curies":[{"name":"wp","href":"https:\/\/api.w.org\/{rel}","templated":true}]}}