{"id":140,"date":"2026-04-30T11:42:36","date_gmt":"2026-04-30T09:42:36","guid":{"rendered":"https:\/\/ine-predmety.ucimesaweby.sk\/ptw\/eshop-vorcak\/?post_type=product&#038;p=140"},"modified":"2026-04-30T11:42:36","modified_gmt":"2026-04-30T09:42:36","slug":"apple-airpods-4-gen","status":"publish","type":"product","link":"https:\/\/ine-predmety.ucimesaweby.sk\/ptw\/eshop-vorcak\/produkt\/apple-airpods-4-gen\/","title":{"rendered":"Apple Airpods (4.gen)"},"content":{"rendered":"<p>Apple AirPods (4. gener\u00e1cie) \u2013 bezdr\u00f4tov\u00e9 sl\u00fachadl\u00e1 s \u010dist\u00fdm zvukom, jednoduch\u00fdm p\u00e1rovan\u00edm a pohodln\u00fdm nosen\u00edm. Ide\u00e1lne na ka\u017edodenn\u00e9 po\u010d\u00favanie hudby, hovory aj pr\u00e1cu na cest\u00e1ch.<\/p>\n","protected":false},"excerpt":{"rendered":"<p>Apple AirPods (4. gener\u00e1cie) \u2013 bezdr\u00f4tov\u00e9 sl\u00fachadl\u00e1 s \u010dist\u00fdm zvukom, jednoduch\u00fdm p\u00e1rovan\u00edm a pohodln\u00fdm nosen\u00edm. Ide\u00e1lne na ka\u017edodenn\u00e9 po\u010d\u00favanie hudby, hovory aj pr\u00e1cu na cest\u00e1ch.<\/p>\n","protected":false},"featured_media":141,"comment_status":"open","ping_status":"closed","template":"","meta":[],"product_brand":[],"product_cat":[19],"product_tag":[],"class_list":{"0":"post-140","1":"product","2":"type-product","3":"status-publish","4":"has-post-thumbnail","6":"product_cat-sluchadla","8":"first","9":"instock","10":"taxable","11":"shipping-taxable","12":"purchasable","13":"product-type-simple"},"jetpack_sharing_enabled":true,"_links":{"self":[{"href":"https:\/\/ine-predmety.ucimesaweby.sk\/ptw\/eshop-vorcak\/wp-json\/wp\/v2\/product\/140","targetHints":{"allow":["GET"]}}],"collection":[{"href":"https:\/\/ine-predmety.ucimesaweby.sk\/ptw\/eshop-vorcak\/wp-json\/wp\/v2\/product"}],"about":[{"href":"https:\/\/ine-predmety.ucimesaweby.sk\/ptw\/eshop-vorcak\/wp-json\/wp\/v2\/types\/product"}],"replies":[{"embeddable":true,"href":"https:\/\/ine-predmety.ucimesaweby.sk\/ptw\/eshop-vorcak\/wp-json\/wp\/v2\/comments?post=140"}],"wp:featuredmedia":[{"embeddable":true,"href":"https:\/\/ine-predmety.ucimesaweby.sk\/ptw\/eshop-vorcak\/wp-json\/wp\/v2\/media\/141"}],"wp:attachment":[{"href":"https:\/\/ine-predmety.ucimesaweby.sk\/ptw\/eshop-vorcak\/wp-json\/wp\/v2\/media?parent=140"}],"wp:term":[{"taxonomy":"product_brand","embeddable":true,"href":"https:\/\/ine-predmety.ucimesaweby.sk\/ptw\/eshop-vorcak\/wp-json\/wp\/v2\/product_brand?post=140"},{"taxonomy":"product_cat","embeddable":true,"href":"https:\/\/ine-predmety.ucimesaweby.sk\/ptw\/eshop-vorcak\/wp-json\/wp\/v2\/product_cat?post=140"},{"taxonomy":"product_tag","embeddable":true,"href":"https:\/\/ine-predmety.ucimesaweby.sk\/ptw\/eshop-vorcak\/wp-json\/wp\/v2\/product_tag?post=140"}],"curies":[{"name":"wp","href":"https:\/\/api.w.org\/{rel}","templated":true}]}}