{"id":138,"date":"2026-04-30T11:37:13","date_gmt":"2026-04-30T09:37:13","guid":{"rendered":"https:\/\/ine-predmety.ucimesaweby.sk\/ptw\/eshop-vorcak\/?post_type=product&#038;p=138"},"modified":"2026-04-30T11:37:13","modified_gmt":"2026-04-30T09:37:13","slug":"iphone-air-black-256gb","status":"publish","type":"product","link":"https:\/\/ine-predmety.ucimesaweby.sk\/ptw\/eshop-vorcak\/produkt\/iphone-air-black-256gb\/","title":{"rendered":"iPhone Air Black &#8211; 256GB"},"content":{"rendered":"<p>iPhone Air Black 256 GB \u2013 ultratenk\u00fd a \u013eahk\u00fd smartf\u00f3n s elegantn\u00fdm \u010diernym preveden\u00edm, ktor\u00fd pon\u00faka plynul\u00fd v\u00fdkon a spo\u013eahliv\u00fd chod. Ide\u00e1lny pre pou\u017e\u00edvate\u013eov, ktor\u00ed h\u013eadaj\u00fa \u0161t\u00fdl, komfort a dostatok \u00falo\u017eiska na ka\u017ed\u00fd de\u0148.<\/p>\n","protected":false},"excerpt":{"rendered":"<p>iPhone Air Black 256 GB \u2013 ultratenk\u00fd a \u013eahk\u00fd smartf\u00f3n s elegantn\u00fdm \u010diernym preveden\u00edm, ktor\u00fd pon\u00faka plynul\u00fd v\u00fdkon a spo\u013eahliv\u00fd chod. Ide\u00e1lny pre pou\u017e\u00edvate\u013eov, ktor\u00ed h\u013eadaj\u00fa \u0161t\u00fdl, komfort a dostatok \u00falo\u017eiska na ka\u017ed\u00fd de\u0148.<\/p>\n","protected":false},"featured_media":139,"comment_status":"open","ping_status":"closed","template":"","meta":[],"product_brand":[],"product_cat":[18],"product_tag":[],"class_list":{"0":"post-138","1":"product","2":"type-product","3":"status-publish","4":"has-post-thumbnail","6":"product_cat-mobily","8":"first","9":"instock","10":"taxable","11":"shipping-taxable","12":"purchasable","13":"product-type-simple"},"jetpack_sharing_enabled":true,"_links":{"self":[{"href":"https:\/\/ine-predmety.ucimesaweby.sk\/ptw\/eshop-vorcak\/wp-json\/wp\/v2\/product\/138","targetHints":{"allow":["GET"]}}],"collection":[{"href":"https:\/\/ine-predmety.ucimesaweby.sk\/ptw\/eshop-vorcak\/wp-json\/wp\/v2\/product"}],"about":[{"href":"https:\/\/ine-predmety.ucimesaweby.sk\/ptw\/eshop-vorcak\/wp-json\/wp\/v2\/types\/product"}],"replies":[{"embeddable":true,"href":"https:\/\/ine-predmety.ucimesaweby.sk\/ptw\/eshop-vorcak\/wp-json\/wp\/v2\/comments?post=138"}],"wp:featuredmedia":[{"embeddable":true,"href":"https:\/\/ine-predmety.ucimesaweby.sk\/ptw\/eshop-vorcak\/wp-json\/wp\/v2\/media\/139"}],"wp:attachment":[{"href":"https:\/\/ine-predmety.ucimesaweby.sk\/ptw\/eshop-vorcak\/wp-json\/wp\/v2\/media?parent=138"}],"wp:term":[{"taxonomy":"product_brand","embeddable":true,"href":"https:\/\/ine-predmety.ucimesaweby.sk\/ptw\/eshop-vorcak\/wp-json\/wp\/v2\/product_brand?post=138"},{"taxonomy":"product_cat","embeddable":true,"href":"https:\/\/ine-predmety.ucimesaweby.sk\/ptw\/eshop-vorcak\/wp-json\/wp\/v2\/product_cat?post=138"},{"taxonomy":"product_tag","embeddable":true,"href":"https:\/\/ine-predmety.ucimesaweby.sk\/ptw\/eshop-vorcak\/wp-json\/wp\/v2\/product_tag?post=138"}],"curies":[{"name":"wp","href":"https:\/\/api.w.org\/{rel}","templated":true}]}}