{"id":136,"date":"2026-04-30T11:34:12","date_gmt":"2026-04-30T09:34:12","guid":{"rendered":"https:\/\/ine-predmety.ucimesaweby.sk\/ptw\/eshop-vorcak\/?post_type=product&#038;p=136"},"modified":"2026-04-30T12:32:43","modified_gmt":"2026-04-30T10:32:43","slug":"iphone-17e-black-256gb","status":"publish","type":"product","link":"https:\/\/ine-predmety.ucimesaweby.sk\/ptw\/eshop-vorcak\/produkt\/iphone-17e-black-256gb\/","title":{"rendered":"iPhone 17e Black &#8211; 256GB"},"content":{"rendered":"<p>iPhone 17e Black 256 GB \u2013 spo\u013eahliv\u00fd a \u0161t\u00fdlov\u00fd smartf\u00f3n s plynul\u00fdm v\u00fdkonom a modern\u00fdm dizajnom. Pon\u00faka skvel\u00fd pomer ceny a v\u00fdkonu, ide\u00e1lny na ka\u017edodenn\u00e9 pou\u017e\u00edvanie, fotenie aj z\u00e1bavu.<\/p>\n","protected":false},"excerpt":{"rendered":"<p>iPhone 17e Black 256 GB \u2013 spo\u013eahliv\u00fd a \u0161t\u00fdlov\u00fd smartf\u00f3n s plynul\u00fdm v\u00fdkonom a modern\u00fdm dizajnom. Pon\u00faka skvel\u00fd pomer ceny a v\u00fdkonu, ide\u00e1lny na ka\u017edodenn\u00e9 pou\u017e\u00edvanie, fotenie aj z\u00e1bavu.<\/p>\n","protected":false},"featured_media":160,"comment_status":"open","ping_status":"closed","template":"","meta":[],"product_brand":[],"product_cat":[18],"product_tag":[],"class_list":{"0":"post-136","1":"product","2":"type-product","3":"status-publish","4":"has-post-thumbnail","6":"product_cat-mobily","8":"first","9":"instock","10":"taxable","11":"shipping-taxable","12":"purchasable","13":"product-type-simple"},"jetpack_sharing_enabled":true,"_links":{"self":[{"href":"https:\/\/ine-predmety.ucimesaweby.sk\/ptw\/eshop-vorcak\/wp-json\/wp\/v2\/product\/136","targetHints":{"allow":["GET"]}}],"collection":[{"href":"https:\/\/ine-predmety.ucimesaweby.sk\/ptw\/eshop-vorcak\/wp-json\/wp\/v2\/product"}],"about":[{"href":"https:\/\/ine-predmety.ucimesaweby.sk\/ptw\/eshop-vorcak\/wp-json\/wp\/v2\/types\/product"}],"replies":[{"embeddable":true,"href":"https:\/\/ine-predmety.ucimesaweby.sk\/ptw\/eshop-vorcak\/wp-json\/wp\/v2\/comments?post=136"}],"wp:featuredmedia":[{"embeddable":true,"href":"https:\/\/ine-predmety.ucimesaweby.sk\/ptw\/eshop-vorcak\/wp-json\/wp\/v2\/media\/160"}],"wp:attachment":[{"href":"https:\/\/ine-predmety.ucimesaweby.sk\/ptw\/eshop-vorcak\/wp-json\/wp\/v2\/media?parent=136"}],"wp:term":[{"taxonomy":"product_brand","embeddable":true,"href":"https:\/\/ine-predmety.ucimesaweby.sk\/ptw\/eshop-vorcak\/wp-json\/wp\/v2\/product_brand?post=136"},{"taxonomy":"product_cat","embeddable":true,"href":"https:\/\/ine-predmety.ucimesaweby.sk\/ptw\/eshop-vorcak\/wp-json\/wp\/v2\/product_cat?post=136"},{"taxonomy":"product_tag","embeddable":true,"href":"https:\/\/ine-predmety.ucimesaweby.sk\/ptw\/eshop-vorcak\/wp-json\/wp\/v2\/product_tag?post=136"}],"curies":[{"name":"wp","href":"https:\/\/api.w.org\/{rel}","templated":true}]}}