


{"id":19,"date":"2026-03-19T20:34:32","date_gmt":"2026-03-19T19:34:32","guid":{"rendered":"https:\/\/ine-predmety.ucimesaweby.sk\/ptw\/hancova\/?page_id=19"},"modified":"2026-03-22T20:24:17","modified_gmt":"2026-03-22T19:24:17","slug":"o-nas","status":"publish","type":"page","link":"https:\/\/ine-predmety.ucimesaweby.sk\/ptw\/eshop-hancova\/","title":{"rendered":"Tvor\u00edme pr\u00edbeh&#8230;"},"content":{"rendered":"\t\t<div data-elementor-type=\"wp-post\" data-elementor-id=\"19\" class=\"elementor elementor-19\">\n\t\t\t\t<div class=\"elementor-element elementor-element-1edc17c e-flex e-con-boxed e-con e-parent\" data-id=\"1edc17c\" data-element_type=\"container\" data-e-type=\"container\">\n\t\t\t\t\t<div class=\"e-con-inner\">\n\t\t\t\t<div class=\"elementor-element elementor-element-47d8221 elementor-widget elementor-widget-heading\" data-id=\"47d8221\" data-element_type=\"widget\" data-e-type=\"widget\" id=\"onas\" data-widget_type=\"heading.default\">\n\t\t\t\t\t<h1 class=\"elementor-heading-title elementor-size-default\">O N\u00c1S<\/h1>\t\t\t\t<\/div>\n\t\t\t\t\t<\/div>\n\t\t\t\t<\/div>\n\t\t<div class=\"elementor-element elementor-element-eef8c6b e-flex e-con-boxed e-con e-parent\" data-id=\"eef8c6b\" data-element_type=\"container\" data-e-type=\"container\">\n\t\t\t\t\t<div class=\"e-con-inner\">\n\t\t<div class=\"elementor-element elementor-element-b77f407 e-con-full e-flex e-con e-child\" data-id=\"b77f407\" data-element_type=\"container\" data-e-type=\"container\">\n\t\t\t\t<div class=\"elementor-element elementor-element-57c6219 elementor-invisible elementor-widget elementor-widget-text-editor\" data-id=\"57c6219\" data-element_type=\"widget\" data-e-type=\"widget\" data-settings=\"{&quot;_animation&quot;:&quot;fadeInUp&quot;}\" data-widget_type=\"text-editor.default\">\n\t\t\t\t\t\t\t\t\t<p data-start=\"104\" data-end=\"326\">Vitajte v kvetin\u00e1rstve <strong data-start=\"127\" data-end=\"145\">Kvety u \u017danety<\/strong>, kde sa l\u00e1ska ku kvetom men\u00ed na jedine\u010dn\u00e9 aran\u017em\u00e1ny pre ka\u017ed\u00fa pr\u00edle\u017eitos\u0165. Na\u0161\u00edm cie\u013eom je prin\u00e1\u0161a\u0165 rados\u0165, em\u00f3ciu a kr\u00e1su prostredn\u00edctvom \u010derstv\u00fdch a starostlivo vybran\u00fdch kvetov.<\/p><p data-start=\"328\" data-end=\"514\">Ka\u017ed\u00fa kyticu tvor\u00edme s d\u00f4razom na detail, estetiku a va\u0161e individu\u00e1lne po\u017eiadavky. Ver\u00edme, \u017ee kvety dok\u00e1\u017eu poveda\u0165 viac ako slov\u00e1 \u2013 \u010di u\u017e ide o oslavu, po\u010fakovanie, l\u00e1sku alebo spomienku.<\/p><p data-start=\"516\" data-end=\"713\">V na\u0161om kvetin\u00e1rstve n\u00e1jdete nielen klasick\u00e9 viazan\u00e9 kytice, ale aj modern\u00e9 aran\u017em\u00e1ny, ktor\u00e9 sleduj\u00fa aktu\u00e1lne trendy. Ku ka\u017ed\u00e9mu z\u00e1kazn\u00edkovi pristupujeme osobne a radi v\u00e1m pom\u00f4\u017eeme vybra\u0165 to prav\u00e9.<\/p><p data-start=\"715\" data-end=\"773\"><strong data-start=\"715\" data-end=\"773\">Kvety u \u017danety \u2013 miesto, kde kvety rozpr\u00e1vaj\u00fa pr\u00edbehy.<\/strong><\/p>\t\t\t\t\t\t\t\t<\/div>\n\t\t\t\t<\/div>\n\t\t\t\t\t<\/div>\n\t\t\t\t<\/div>\n\t\t<div class=\"elementor-element elementor-element-b372a7b e-flex e-con-boxed e-con e-parent\" data-id=\"b372a7b\" data-element_type=\"container\" data-e-type=\"container\">\n\t\t\t\t\t<div class=\"e-con-inner\">\n\t\t\t\t<div class=\"elementor-element elementor-element-80ddabd elementor-widget elementor-widget-heading\" data-id=\"80ddabd\" data-element_type=\"widget\" data-e-type=\"widget\" id=\"nasapraca\" data-widget_type=\"heading.default\">\n\t\t\t\t\t<h1 class=\"elementor-heading-title elementor-size-default\">NA\u0160A PR\u00c1CA<\/h1>\t\t\t\t<\/div>\n\t\t\t\t\t<\/div>\n\t\t\t\t<\/div>\n\t\t<div class=\"elementor-element elementor-element-9054e3a e-grid e-con-boxed e-con e-parent\" data-id=\"9054e3a\" data-element_type=\"container\" data-e-type=\"container\">\n\t\t\t\t\t<div class=\"e-con-inner\">\n\t\t\t\t<div class=\"elementor-element elementor-element-524d975 elementor-widget elementor-widget-image\" data-id=\"524d975\" data-element_type=\"widget\" data-e-type=\"widget\" data-widget_type=\"image.default\">\n\t\t\t\t\t\t\t\t\t\t\t\t\t\t\t<img fetchpriority=\"high\" decoding=\"async\" width=\"1024\" height=\"735\" src=\"https:\/\/ine-predmety.ucimesaweby.sk\/ptw\/eshop-hancova\/wp-content\/uploads\/2026\/03\/kytica-nar.-portfolio-1024x735.jpg\" class=\"elementor-animation-grow attachment-large size-large wp-image-63\" alt=\"kytica narodeniny\" srcset=\"https:\/\/ine-predmety.ucimesaweby.sk\/ptw\/eshop-hancova\/wp-content\/uploads\/2026\/03\/kytica-nar.-portfolio-1024x735.jpg 1024w, https:\/\/ine-predmety.ucimesaweby.sk\/ptw\/eshop-hancova\/wp-content\/uploads\/2026\/03\/kytica-nar.-portfolio-300x215.jpg 300w, https:\/\/ine-predmety.ucimesaweby.sk\/ptw\/eshop-hancova\/wp-content\/uploads\/2026\/03\/kytica-nar.-portfolio-768x551.jpg 768w, https:\/\/ine-predmety.ucimesaweby.sk\/ptw\/eshop-hancova\/wp-content\/uploads\/2026\/03\/kytica-nar.-portfolio-1536x1103.jpg 1536w, https:\/\/ine-predmety.ucimesaweby.sk\/ptw\/eshop-hancova\/wp-content\/uploads\/2026\/03\/kytica-nar.-portfolio-2048x1470.jpg 2048w\" sizes=\"(max-width: 1024px) 100vw, 1024px\" \/>\t\t\t\t\t\t\t\t\t\t\t\t\t\t\t<\/div>\n\t\t\t\t<div class=\"elementor-element elementor-element-58fcf0b elementor-widget elementor-widget-image\" data-id=\"58fcf0b\" data-element_type=\"widget\" data-e-type=\"widget\" data-widget_type=\"image.default\">\n\t\t\t\t\t\t\t\t\t\t\t\t\t\t\t<img decoding=\"async\" width=\"300\" height=\"200\" src=\"https:\/\/ine-predmety.ucimesaweby.sk\/ptw\/eshop-hancova\/wp-content\/uploads\/2026\/03\/kytica-svadba-portfolio-300x200.jpg\" class=\"elementor-animation-grow attachment-medium size-medium wp-image-66\" alt=\"kytica svadba\" srcset=\"https:\/\/ine-predmety.ucimesaweby.sk\/ptw\/eshop-hancova\/wp-content\/uploads\/2026\/03\/kytica-svadba-portfolio-300x200.jpg 300w, https:\/\/ine-predmety.ucimesaweby.sk\/ptw\/eshop-hancova\/wp-content\/uploads\/2026\/03\/kytica-svadba-portfolio-1024x683.jpg 1024w, https:\/\/ine-predmety.ucimesaweby.sk\/ptw\/eshop-hancova\/wp-content\/uploads\/2026\/03\/kytica-svadba-portfolio-768x512.jpg 768w, https:\/\/ine-predmety.ucimesaweby.sk\/ptw\/eshop-hancova\/wp-content\/uploads\/2026\/03\/kytica-svadba-portfolio-1536x1024.jpg 1536w, https:\/\/ine-predmety.ucimesaweby.sk\/ptw\/eshop-hancova\/wp-content\/uploads\/2026\/03\/kytica-svadba-portfolio-2048x1365.jpg 2048w\" sizes=\"(max-width: 300px) 100vw, 300px\" \/>\t\t\t\t\t\t\t\t\t\t\t\t\t\t\t<\/div>\n\t\t\t\t<div class=\"elementor-element elementor-element-cd72ca7 elementor-widget elementor-widget-image\" data-id=\"cd72ca7\" data-element_type=\"widget\" data-e-type=\"widget\" data-widget_type=\"image.default\">\n\t\t\t\t\t\t\t\t\t\t\t\t\t\t\t<img decoding=\"async\" width=\"768\" height=\"651\" src=\"https:\/\/ine-predmety.ucimesaweby.sk\/ptw\/eshop-hancova\/wp-content\/uploads\/2026\/03\/pohreb-kytica-portfolio-768x651.jpg\" class=\"elementor-animation-grow attachment-medium_large size-medium_large wp-image-65\" alt=\"\" srcset=\"https:\/\/ine-predmety.ucimesaweby.sk\/ptw\/eshop-hancova\/wp-content\/uploads\/2026\/03\/pohreb-kytica-portfolio-768x651.jpg 768w, https:\/\/ine-predmety.ucimesaweby.sk\/ptw\/eshop-hancova\/wp-content\/uploads\/2026\/03\/pohreb-kytica-portfolio-300x254.jpg 300w, https:\/\/ine-predmety.ucimesaweby.sk\/ptw\/eshop-hancova\/wp-content\/uploads\/2026\/03\/pohreb-kytica-portfolio-1024x868.jpg 1024w, https:\/\/ine-predmety.ucimesaweby.sk\/ptw\/eshop-hancova\/wp-content\/uploads\/2026\/03\/pohreb-kytica-portfolio-1536x1302.jpg 1536w, https:\/\/ine-predmety.ucimesaweby.sk\/ptw\/eshop-hancova\/wp-content\/uploads\/2026\/03\/pohreb-kytica-portfolio-2048x1736.jpg 2048w\" sizes=\"(max-width: 768px) 100vw, 768px\" \/>\t\t\t\t\t\t\t\t\t\t\t\t\t\t\t<\/div>\n\t\t\t\t\t<\/div>\n\t\t\t\t<\/div>\n\t\t<div class=\"elementor-element elementor-element-2a5de67 e-grid e-con-boxed e-con e-parent\" data-id=\"2a5de67\" data-element_type=\"container\" data-e-type=\"container\">\n\t\t\t\t\t<div class=\"e-con-inner\">\n\t\t\t\t<div class=\"elementor-element elementor-element-9ec98ef elementor-widget elementor-widget-text-editor\" data-id=\"9ec98ef\" data-element_type=\"widget\" data-e-type=\"widget\" data-widget_type=\"text-editor.default\">\n\t\t\t\t\t\t\t\t\t<p>Origin\u00e1lne kytice pln\u00e9 farieb pre ka\u017ed\u00fa pr\u00edle\u017eitos\u0165.<\/p>\t\t\t\t\t\t\t\t<\/div>\n\t\t\t\t<div class=\"elementor-element elementor-element-95ac58b elementor-widget elementor-widget-text-editor\" data-id=\"95ac58b\" data-element_type=\"widget\" data-e-type=\"widget\" data-widget_type=\"text-editor.default\">\n\t\t\t\t\t\t\t\t\t<p>Jemn\u00e9 a elegantn\u00e9 aran\u017em\u00e1ny pre v\u00e1\u0161 v\u00fdnimo\u010dn\u00fd de\u0148.<\/p>\t\t\t\t\t\t\t\t<\/div>\n\t\t\t\t<div class=\"elementor-element elementor-element-69823e4 elementor-widget elementor-widget-text-editor\" data-id=\"69823e4\" data-element_type=\"widget\" data-e-type=\"widget\" data-widget_type=\"text-editor.default\">\n\t\t\t\t\t\t\t\t\t<p>D\u00f4stojn\u00e9 a citliv\u00e9 kompoz\u00edcie\/ kytice na posledn\u00fa rozl\u00fa\u010dku.<\/p>\t\t\t\t\t\t\t\t<\/div>\n\t\t\t\t\t<\/div>\n\t\t\t\t<\/div>\n\t\t<div class=\"elementor-element elementor-element-8e1fda6 e-flex e-con-boxed e-con e-parent\" data-id=\"8e1fda6\" data-element_type=\"container\" data-e-type=\"container\">\n\t\t\t\t\t<div class=\"e-con-inner\">\n\t\t\t\t<div class=\"elementor-element elementor-element-29c8e19 elementor-widget elementor-widget-heading\" data-id=\"29c8e19\" data-element_type=\"widget\" data-e-type=\"widget\" id=\"kontakt\" data-widget_type=\"heading.default\">\n\t\t\t\t\t<h1 class=\"elementor-heading-title elementor-size-default\">KONTAKT<\/h1>\t\t\t\t<\/div>\n\t\t\t\t\t<\/div>\n\t\t\t\t<\/div>\n\t\t<div class=\"elementor-element elementor-element-38af5f9 e-grid e-con-boxed e-con e-parent\" data-id=\"38af5f9\" data-element_type=\"container\" data-e-type=\"container\">\n\t\t\t\t\t<div class=\"e-con-inner\">\n\t\t\t\t<div class=\"elementor-element elementor-element-26f1daf eael-contact-form-7-button-align-left eael-contact-form-7-button-custom elementor-widget elementor-widget-eael-contact-form-7\" data-id=\"26f1daf\" data-element_type=\"widget\" data-e-type=\"widget\" data-widget_type=\"eael-contact-form-7.default\">\n\t\t\t\t\t<div class=\"eael-contact-form-7-wrapper\">\n                <div class=\"eael-contact-form eael-contact-form-7 eael-contact-form-26f1daf placeholder-show eael-contact-form-align-default\">\n<div class=\"wpcf7 no-js\" id=\"wpcf7-f74-o1\" lang=\"sk-SK\" dir=\"ltr\" data-wpcf7-id=\"74\">\n<div class=\"screen-reader-response\"><p role=\"status\" aria-live=\"polite\" aria-atomic=\"true\"><\/p> <ul><\/ul><\/div>\n<form action=\"\/ptw\/eshop-hancova\/wp-json\/wp\/v2\/pages\/19#wpcf7-f74-o1\" method=\"post\" class=\"wpcf7-form init\" aria-label=\"Kontaktn\u00fd formul\u00e1r\" novalidate=\"novalidate\" data-status=\"init\">\n<fieldset class=\"hidden-fields-container\"><input type=\"hidden\" name=\"_wpcf7\" value=\"74\" \/><input type=\"hidden\" name=\"_wpcf7_version\" value=\"6.1.5\" \/><input type=\"hidden\" name=\"_wpcf7_locale\" value=\"sk_SK\" \/><input type=\"hidden\" name=\"_wpcf7_unit_tag\" value=\"wpcf7-f74-o1\" \/><input type=\"hidden\" name=\"_wpcf7_container_post\" value=\"0\" \/><input type=\"hidden\" name=\"_wpcf7_posted_data_hash\" value=\"\" \/>\n<\/fieldset>\n<p><label> Va\u0161e meno<br \/>\n<span class=\"wpcf7-form-control-wrap\" data-name=\"your-name\"><input size=\"40\" maxlength=\"400\" class=\"wpcf7-form-control wpcf7-text wpcf7-validates-as-required\" autocomplete=\"name\" aria-required=\"true\" aria-invalid=\"false\" value=\"\" type=\"text\" name=\"your-name\" \/><\/span> <\/label>\n<\/p>\n<p><label> V\u00e1\u0161 email<br \/>\n<span class=\"wpcf7-form-control-wrap\" data-name=\"your-email\"><input size=\"40\" maxlength=\"400\" class=\"wpcf7-form-control wpcf7-email wpcf7-validates-as-required wpcf7-text wpcf7-validates-as-email\" autocomplete=\"email\" aria-required=\"true\" aria-invalid=\"false\" value=\"\" type=\"email\" name=\"your-email\" \/><\/span> <\/label>\n<\/p>\n<p><label> Va\u0161a adresa<br \/>\n<span class=\"wpcf7-form-control-wrap\" data-name=\"your-address\"><input size=\"40\" maxlength=\"400\" class=\"wpcf7-form-control wpcf7-text wpcf7-validates-as-required\" aria-required=\"true\" aria-invalid=\"false\" placeholder=\"\" value=\"\" type=\"text\" name=\"your-address\" \/><\/span> <\/label>\n<\/p>\n<p><label> Produkt<br \/>\n<span class=\"wpcf7-form-control-wrap\" data-name=\"your-product\"><input size=\"40\" maxlength=\"400\" class=\"wpcf7-form-control wpcf7-text wpcf7-validates-as-required\" aria-required=\"true\" aria-invalid=\"false\" value=\"\" type=\"text\" name=\"your-product\" \/><\/span> <\/label>\n<\/p>\n<p><label> Va\u0161a spr\u00e1va (volite\u013en\u00e9)<br \/>\n<span class=\"wpcf7-form-control-wrap\" data-name=\"your-message\"><textarea cols=\"40\" rows=\"10\" maxlength=\"2000\" class=\"wpcf7-form-control wpcf7-textarea\" aria-invalid=\"false\" name=\"your-message\"><\/textarea><\/span> <\/label>\n<\/p>\n<p><input class=\"wpcf7-form-control wpcf7-submit has-spinner\" type=\"submit\" value=\"Odosla\u0165\" \/>\n<\/p><div class=\"wpcf7-response-output\" aria-hidden=\"true\"><\/div>\n<\/form>\n<\/div>\n<\/div>\n            <\/div>\t\t\t\t<\/div>\n\t\t\t\t<div class=\"elementor-element elementor-element-f8a1eec elementor-widget elementor-widget-text-editor\" data-id=\"f8a1eec\" data-element_type=\"widget\" data-e-type=\"widget\" data-widget_type=\"text-editor.default\">\n\t\t\t\t\t\t\t\t\t<p>Email: info@kvetyuzanety.sk<\/p><p>Telef\u00f3n: 0912 345 678<\/p><p>Adresa: Kvetinov\u00e1 13, 010 01 \u017dilina<\/p>\t\t\t\t\t\t\t\t<\/div>\n\t\t\t\t\t<\/div>\n\t\t\t\t<\/div>\n\t\t<div class=\"elementor-element elementor-element-7c91848 e-flex e-con-boxed e-con e-parent\" data-id=\"7c91848\" data-element_type=\"container\" data-e-type=\"container\">\n\t\t\t\t\t<div class=\"e-con-inner\">\n\t\t\t\t<div class=\"elementor-element elementor-element-3aa3103 elementor-widget elementor-widget-google_maps\" data-id=\"3aa3103\" data-element_type=\"widget\" data-e-type=\"widget\" data-widget_type=\"google_maps.default\">\n\t\t\t\t\t\t\t<div class=\"elementor-custom-embed\">\n\t\t\t<iframe loading=\"lazy\"\n\t\t\t\t\tsrc=\"https:\/\/maps.google.com\/maps?q=%C5%BDilinsk%C3%A1%20univerzita%20v%20%C5%BDiline&#038;t=m&#038;z=10&#038;output=embed&#038;iwloc=near\"\n\t\t\t\t\ttitle=\"\u017dilinsk\u00e1 univerzita v \u017diline\"\n\t\t\t\t\taria-label=\"\u017dilinsk\u00e1 univerzita v \u017diline\"\n\t\t\t><\/iframe>\n\t\t<\/div>\n\t\t\t\t\t\t<\/div>\n\t\t\t\t\t<\/div>\n\t\t\t\t<\/div>\n\t\t\t\t<\/div>\n\t\t","protected":false},"excerpt":{"rendered":"<p>O N\u00c1S Vitajte v kvetin\u00e1rstve Kvety u \u017danety, kde sa l\u00e1ska ku kvetom men\u00ed na jedine\u010dn\u00e9 aran\u017em\u00e1ny pre ka\u017ed\u00fa pr\u00edle\u017eitos\u0165. Na\u0161\u00edm cie\u013eom je prin\u00e1\u0161a\u0165 rados\u0165, em\u00f3ciu a kr\u00e1su prostredn\u00edctvom \u010derstv\u00fdch a starostlivo vybran\u00fdch kvetov. Ka\u017ed\u00fa kyticu tvor\u00edme s d\u00f4razom na detail, estetiku a va\u0161e individu\u00e1lne po\u017eiadavky. Ver\u00edme, \u017ee kvety dok\u00e1\u017eu poveda\u0165 viac ako slov\u00e1 \u2013&hellip;<\/p>\n","protected":false},"author":1,"featured_media":55,"parent":0,"menu_order":0,"comment_status":"closed","ping_status":"closed","template":"elementor_theme","meta":{"om_disable_all_campaigns":false,"_monsterinsights_skip_tracking":false,"_monsterinsights_sitenote_active":false,"_monsterinsights_sitenote_note":"","_monsterinsights_sitenote_category":0,"footnotes":""},"class_list":["post-19","page","type-page","status-publish","has-post-thumbnail","hentry"],"aioseo_notices":[],"_links":{"self":[{"href":"https:\/\/ine-predmety.ucimesaweby.sk\/ptw\/eshop-hancova\/wp-json\/wp\/v2\/pages\/19","targetHints":{"allow":["GET"]}}],"collection":[{"href":"https:\/\/ine-predmety.ucimesaweby.sk\/ptw\/eshop-hancova\/wp-json\/wp\/v2\/pages"}],"about":[{"href":"https:\/\/ine-predmety.ucimesaweby.sk\/ptw\/eshop-hancova\/wp-json\/wp\/v2\/types\/page"}],"author":[{"embeddable":true,"href":"https:\/\/ine-predmety.ucimesaweby.sk\/ptw\/eshop-hancova\/wp-json\/wp\/v2\/users\/1"}],"replies":[{"embeddable":true,"href":"https:\/\/ine-predmety.ucimesaweby.sk\/ptw\/eshop-hancova\/wp-json\/wp\/v2\/comments?post=19"}],"version-history":[{"count":50,"href":"https:\/\/ine-predmety.ucimesaweby.sk\/ptw\/eshop-hancova\/wp-json\/wp\/v2\/pages\/19\/revisions"}],"predecessor-version":[{"id":102,"href":"https:\/\/ine-predmety.ucimesaweby.sk\/ptw\/eshop-hancova\/wp-json\/wp\/v2\/pages\/19\/revisions\/102"}],"wp:featuredmedia":[{"embeddable":true,"href":"https:\/\/ine-predmety.ucimesaweby.sk\/ptw\/eshop-hancova\/wp-json\/wp\/v2\/media\/55"}],"wp:attachment":[{"href":"https:\/\/ine-predmety.ucimesaweby.sk\/ptw\/eshop-hancova\/wp-json\/wp\/v2\/media?parent=19"}],"curies":[{"name":"wp","href":"https:\/\/api.w.org\/{rel}","templated":true}]}}